{"id":10331,"date":"2024-09-16T17:44:52","date_gmt":"2024-09-16T17:44:52","guid":{"rendered":"https:\/\/virunchik.com\/?page_id=10331"},"modified":"2024-09-16T18:29:40","modified_gmt":"2024-09-16T18:29:40","slug":"about-us","status":"publish","type":"page","link":"https:\/\/virunchik.com\/lt\/about\/about-us\/","title":{"rendered":"Apie mus"},"content":{"rendered":"<div data-elementor-type=\"wp-page\" data-elementor-id=\"10331\" class=\"elementor elementor-10331\">\n\t\t\t\t\t\t<section class=\"elementor-section elementor-top-section elementor-element elementor-element-1336c617 elementor-section-height-min-height elementor-section-boxed elementor-section-height-default elementor-section-items-middle\" data-id=\"1336c617\" data-element_type=\"section\" data-settings=\"{&quot;background_background&quot;:&quot;gradient&quot;}\">\n\t\t\t\t\t\t<div class=\"elementor-container elementor-column-gap-default\">\n\t\t\t\t\t<div class=\"elementor-column elementor-col-100 elementor-top-column elementor-element elementor-element-7f957220\" data-id=\"7f957220\" data-element_type=\"column\">\n\t\t\t<div class=\"elementor-widget-wrap elementor-element-populated\">\n\t\t\t\t\t\t<div class=\"elementor-element elementor-element-617f05d8 elementor-widget elementor-widget-heading\" data-id=\"617f05d8\" data-element_type=\"widget\" data-widget_type=\"heading.default\">\n\t\t\t\t<div class=\"elementor-widget-container\">\n\t\t\t\t\t<h1 class=\"elementor-heading-title elementor-size-default\"><a href=\"http:\/\/virunchik.comterms-and-conditions\">Apie mus<\/a><\/h1>\t\t\t\t<\/div>\n\t\t\t\t<\/div>\n\t\t\t\t\t<\/div>\n\t\t<\/div>\n\t\t\t\t\t<\/div>\n\t\t<\/section>\n\t\t\t\t<section class=\"elementor-section elementor-top-section elementor-element elementor-element-b6fd38e elementor-section-boxed elementor-section-height-default elementor-section-height-default\" data-id=\"b6fd38e\" data-element_type=\"section\">\n\t\t\t\t\t\t<div class=\"elementor-container elementor-column-gap-default\">\n\t\t\t\t\t<div class=\"elementor-column elementor-col-100 elementor-top-column elementor-element elementor-element-7dff598\" data-id=\"7dff598\" data-element_type=\"column\">\n\t\t\t<div class=\"elementor-widget-wrap elementor-element-populated\">\n\t\t\t\t\t\t<section class=\"elementor-section elementor-inner-section elementor-element elementor-element-5844d09 elementor-section-boxed elementor-section-height-default elementor-section-height-default\" data-id=\"5844d09\" data-element_type=\"section\">\n\t\t\t\t\t\t<div class=\"elementor-container elementor-column-gap-default\">\n\t\t\t\t\t<div class=\"elementor-column elementor-col-50 elementor-inner-column elementor-element elementor-element-8710fc9\" data-id=\"8710fc9\" data-element_type=\"column\">\n\t\t\t<div class=\"elementor-widget-wrap elementor-element-populated\">\n\t\t\t\t\t\t<div class=\"elementor-element elementor-element-f694f9b elementor-widget__width-initial elementor-widget elementor-widget-image\" data-id=\"f694f9b\" data-element_type=\"widget\" data-widget_type=\"image.default\">\n\t\t\t\t<div class=\"elementor-widget-container\">\n\t\t\t\t\t\t\t\t\t\t\t\t<figure class=\"wp-caption\">\n\t\t\t\t\t\t\t\t\t\t\t<a href=\"https:\/\/virunchik.com\/wp-content\/uploads\/2024\/09\/IMG_3915-e1726509608295.png\" data-elementor-open-lightbox=\"yes\" data-elementor-lightbox-title=\"Our first Photoshoot\" data-e-action-hash=\"#elementor-action%3Aaction%3Dlightbox%26settings%3DeyJpZCI6MTAzNDEsInVybCI6Imh0dHBzOlwvXC92aXJ1bmNoaWsuY29tXC93cC1jb250ZW50XC91cGxvYWRzXC8yMDI0XC8wOVwvSU1HXzM5MTUtZTE3MjY1MDk2MDgyOTUucG5nIn0%3D\">\n\t\t\t\t\t\t\t<img fetchpriority=\"high\" decoding=\"async\" width=\"768\" height=\"933\" src=\"https:\/\/virunchik.com\/wp-content\/uploads\/2024\/09\/IMG_3915-e1726509608295-768x933.png\" class=\"attachment-medium_large size-medium_large wp-image-10341\" alt=\"\" srcset=\"https:\/\/virunchik.com\/wp-content\/uploads\/2024\/09\/IMG_3915-e1726509608295-768x933.png 768w, https:\/\/virunchik.com\/wp-content\/uploads\/2024\/09\/IMG_3915-e1726509608295-247x300.png 247w, https:\/\/virunchik.com\/wp-content\/uploads\/2024\/09\/IMG_3915-e1726509608295-843x1024.png 843w, https:\/\/virunchik.com\/wp-content\/uploads\/2024\/09\/IMG_3915-e1726509608295-1264x1536.png 1264w, https:\/\/virunchik.com\/wp-content\/uploads\/2024\/09\/IMG_3915-e1726509608295-1685x2048.png 1685w, https:\/\/virunchik.com\/wp-content\/uploads\/2024\/09\/IMG_3915-e1726509608295-600x729.png 600w\" sizes=\"(max-width: 768px) 100vw, 768px\" \/>\t\t\t\t\t\t\t\t<\/a>\n\t\t\t\t\t\t\t\t\t\t\t<figcaption class=\"widget-image-caption wp-caption-text\">Virunchik's First  Professional Photoshoot<\/figcaption>\n\t\t\t\t\t\t\t\t\t\t<\/figure>\n\t\t\t\t\t\t\t\t\t<\/div>\n\t\t\t\t<\/div>\n\t\t\t\t<div class=\"elementor-element elementor-element-4039b90 elementor-widget__width-initial elementor-widget elementor-widget-image\" data-id=\"4039b90\" data-element_type=\"widget\" data-widget_type=\"image.default\">\n\t\t\t\t<div class=\"elementor-widget-container\">\n\t\t\t\t\t\t\t\t\t\t\t\t<figure class=\"wp-caption\">\n\t\t\t\t\t\t\t\t\t\t\t<a href=\"https:\/\/virunchik.com\/wp-content\/uploads\/2024\/09\/PicsArt_07-05-10.30.09.jpg\" data-elementor-open-lightbox=\"yes\" data-elementor-lightbox-title=\"First leotard\" data-e-action-hash=\"#elementor-action%3Aaction%3Dlightbox%26settings%3DeyJpZCI6MTAzNTgsInVybCI6Imh0dHBzOlwvXC92aXJ1bmNoaWsuY29tXC93cC1jb250ZW50XC91cGxvYWRzXC8yMDI0XC8wOVwvUGljc0FydF8wNy0wNS0xMC4zMC4wOS5qcGcifQ%3D%3D\">\n\t\t\t\t\t\t\t<img decoding=\"async\" width=\"768\" height=\"495\" src=\"https:\/\/virunchik.com\/wp-content\/uploads\/2024\/09\/PicsArt_07-05-10.30.09-768x495.jpg\" class=\"attachment-medium_large size-medium_large wp-image-10358\" alt=\"\" srcset=\"https:\/\/virunchik.com\/wp-content\/uploads\/2024\/09\/PicsArt_07-05-10.30.09-768x495.jpg 768w, https:\/\/virunchik.com\/wp-content\/uploads\/2024\/09\/PicsArt_07-05-10.30.09-300x193.jpg 300w, https:\/\/virunchik.com\/wp-content\/uploads\/2024\/09\/PicsArt_07-05-10.30.09-1024x660.jpg 1024w, https:\/\/virunchik.com\/wp-content\/uploads\/2024\/09\/PicsArt_07-05-10.30.09-600x387.jpg 600w, https:\/\/virunchik.com\/wp-content\/uploads\/2024\/09\/PicsArt_07-05-10.30.09.jpg 1083w\" sizes=\"(max-width: 768px) 100vw, 768px\" \/>\t\t\t\t\t\t\t\t<\/a>\n\t\t\t\t\t\t\t\t\t\t\t<figcaption class=\"widget-image-caption wp-caption-text\">First Leotard<\/figcaption>\n\t\t\t\t\t\t\t\t\t\t<\/figure>\n\t\t\t\t\t\t\t\t\t<\/div>\n\t\t\t\t<\/div>\n\t\t\t\t<div class=\"elementor-element elementor-element-67b1b9c elementor-widget__width-initial elementor-widget elementor-widget-image\" data-id=\"67b1b9c\" data-element_type=\"widget\" data-widget_type=\"image.default\">\n\t\t\t\t<div class=\"elementor-widget-container\">\n\t\t\t\t\t\t\t\t\t\t\t\t<figure class=\"wp-caption\">\n\t\t\t\t\t\t\t\t\t\t\t<a href=\"https:\/\/virunchik.com\/wp-content\/uploads\/2024\/09\/48.jpg\" data-elementor-open-lightbox=\"yes\" data-elementor-lightbox-title=\"Second Leotard\" data-e-action-hash=\"#elementor-action%3Aaction%3Dlightbox%26settings%3DeyJpZCI6MTAzNjAsInVybCI6Imh0dHBzOlwvXC92aXJ1bmNoaWsuY29tXC93cC1jb250ZW50XC91cGxvYWRzXC8yMDI0XC8wOVwvNDguanBnIn0%3D\">\n\t\t\t\t\t\t\t<img decoding=\"async\" width=\"680\" height=\"1024\" src=\"https:\/\/virunchik.com\/wp-content\/uploads\/2024\/09\/48-680x1024.jpg\" class=\"attachment-large size-large wp-image-10360\" alt=\"\" srcset=\"https:\/\/virunchik.com\/wp-content\/uploads\/2024\/09\/48-680x1024.jpg 680w, https:\/\/virunchik.com\/wp-content\/uploads\/2024\/09\/48-199x300.jpg 199w, https:\/\/virunchik.com\/wp-content\/uploads\/2024\/09\/48-768x1156.jpg 768w, https:\/\/virunchik.com\/wp-content\/uploads\/2024\/09\/48-600x903.jpg 600w, https:\/\/virunchik.com\/wp-content\/uploads\/2024\/09\/48.jpg 949w\" sizes=\"(max-width: 680px) 100vw, 680px\" \/>\t\t\t\t\t\t\t\t<\/a>\n\t\t\t\t\t\t\t\t\t\t\t<figcaption class=\"widget-image-caption wp-caption-text\">Second Leotard<\/figcaption>\n\t\t\t\t\t\t\t\t\t\t<\/figure>\n\t\t\t\t\t\t\t\t\t<\/div>\n\t\t\t\t<\/div>\n\t\t\t\t\t<\/div>\n\t\t<\/div>\n\t\t\t\t<div class=\"elementor-column elementor-col-50 elementor-inner-column elementor-element elementor-element-4bccdeb\" data-id=\"4bccdeb\" data-element_type=\"column\">\n\t\t\t<div class=\"elementor-widget-wrap elementor-element-populated\">\n\t\t\t\t\t\t<div class=\"elementor-element elementor-element-b437ee4 elementor-widget__width-initial elementor-widget elementor-widget-text-editor\" data-id=\"b437ee4\" data-element_type=\"widget\" data-widget_type=\"text-editor.default\">\n\t\t\t\t<div class=\"elementor-widget-container\">\n\t\t\t\t\t\t\t\t\t<h4>&nbsp; &nbsp; &nbsp;Sveiki atvyk\u0119 \u012f \u201eVirunchik\u201c! M\u016bs\u0173 prek\u0117s \u017eenklas buvo \u012fkurtas 2019 metais Vira \u2014 profesionalios balerinos ir mokytojos i\u0161 Ukrainos. Viskas prasid\u0117jo nuo to, kad Vira, naudodamasi savo mo\u010diut\u0117s sena siuvimo ma\u0161ina, k\u016br\u0117 spalvingus baleto sijon\u0117lius. Greitai tai peraugo \u012f ka\u017ek\u0105 didesnio, nes draugai pamilo jos unikalius dizainus.<\/h4>\n<h4>&nbsp; &nbsp; &nbsp;Ple\u010diantis m\u016bs\u0173 veiklai, Vira i\u0161moko kurti triko, kostiumus ir kitus baleto drabu\u017eius. 2024 met\u0173 vasar\u0105 mes atidar\u0117me savo pirm\u0105j\u0105 viet\u0105 Vilniuje \u2014 baleto preki\u0173 parduotuv\u0117je \u201ePuantas\u201c, kur galite pasimatuoti m\u016bs\u0173 drabu\u017eius.<\/h4>\n<h4>&nbsp; &nbsp; &nbsp;<\/h4>\n<h4>&nbsp; &nbsp; &nbsp;\u201eVirunchik\u201c i\u0161siskiria tuo, kad kiekvienas gaminys yra rank\u0173 darbo, kur\u012f kuria Vira ir jos komanda. Mes gaminame kiekvien\u0105 dizain\u0105 ribotu kiekiu \u2014 da\u017eniausiai ne daugiau kaip 10 vienet\u0173 \u2014 tod\u0117l daugelis m\u016bs\u0173 k\u016brini\u0173 yra unikal\u016bs ir i\u0161skirtiniai. Daugelis gamini\u0173 yra vienetiniai. Vira pri\u017ei\u016bri kiekvien\u0105 gamybos etap\u0105: nuo audini\u0173 pasirinkimo iki kokyb\u0117s tikrinimo, pakavimo ir bendravimo su klientais.<\/h4>\n<h4>&nbsp;<\/h4>\n<h4>&nbsp; &nbsp; &nbsp;Mes esame aistringai dirbantis ir augantis verslas, d\u017eiaugiam\u0117s gal\u0117dami dalintis savo meile \u0161okiui su pasauliu!<\/h4>\n<div>&nbsp;<\/div>\t\t\t\t\t\t\t\t<\/div>\n\t\t\t\t<\/div>\n\t\t\t\t\t<\/div>\n\t\t<\/div>\n\t\t\t\t\t<\/div>\n\t\t<\/section>\n\t\t\t\t\t<\/div>\n\t\t<\/div>\n\t\t\t\t\t<\/div>\n\t\t<\/section>\n\t\t\t\t<section class=\"elementor-section elementor-top-section elementor-element elementor-element-e616f04 elementor-section-boxed elementor-section-height-default elementor-section-height-default\" data-id=\"e616f04\" data-element_type=\"section\">\n\t\t\t\t\t\t<div class=\"elementor-container elementor-column-gap-default\">\n\t\t\t\t\t<div class=\"elementor-column elementor-col-100 elementor-top-column elementor-element elementor-element-33e9949\" data-id=\"33e9949\" data-element_type=\"column\">\n\t\t\t<div class=\"elementor-widget-wrap\">\n\t\t\t\t\t\t\t<\/div>\n\t\t<\/div>\n\t\t\t\t\t<\/div>\n\t\t<\/section>\n\t\t\t\t<\/div>","protected":false},"excerpt":{"rendered":"<p>About Us Virunchik&#8217;s First Professional Photoshoot First Leotard Second Leotard &nbsp; &nbsp; &nbsp;Welcome to Virunchik! Our brand was founded in 2019 by Vira, a professional ballet dancer and teacher from Ukraine. What began with Vira making colorful ballet skirts on her grandmother&#8217;s old sewing machine quickly grew into something bigger as her friends loved the [&hellip;]<\/p>","protected":false},"author":1,"featured_media":0,"parent":252,"menu_order":0,"comment_status":"closed","ping_status":"closed","template":"elementor_header_footer","meta":{"om_disable_all_campaigns":false,"_uag_custom_page_level_css":"","_monsterinsights_skip_tracking":false,"_monsterinsights_sitenote_active":false,"_monsterinsights_sitenote_note":"","_monsterinsights_sitenote_category":0,"site-sidebar-layout":"no-sidebar","site-content-layout":"page-builder","ast-site-content-layout":"","site-content-style":"default","site-sidebar-style":"default","ast-global-header-display":"","ast-banner-title-visibility":"","ast-main-header-display":"","ast-hfb-above-header-display":"","ast-hfb-below-header-display":"","ast-hfb-mobile-header-display":"","site-post-title":"disabled","ast-breadcrumbs-content":"disabled","ast-featured-img":"disabled","footer-sml-layout":"","theme-transparent-header-meta":"enabled","adv-header-id-meta":"","stick-header-meta":"","header-above-stick-meta":"","header-main-stick-meta":"","header-below-stick-meta":"","astra-migrate-meta-layouts":"default","ast-page-background-enabled":"default","ast-page-background-meta":{"desktop":{"background-color":"var(--ast-global-color-4)","background-image":"","background-repeat":"repeat","background-position":"center center","background-size":"auto","background-attachment":"scroll","background-type":"","background-media":"","overlay-type":"","overlay-color":"","overlay-opacity":"","overlay-gradient":""},"tablet":{"background-color":"","background-image":"","background-repeat":"repeat","background-position":"center center","background-size":"auto","background-attachment":"scroll","background-type":"","background-media":"","overlay-type":"","overlay-color":"","overlay-opacity":"","overlay-gradient":""},"mobile":{"background-color":"","background-image":"","background-repeat":"repeat","background-position":"center center","background-size":"auto","background-attachment":"scroll","background-type":"","background-media":"","overlay-type":"","overlay-color":"","overlay-opacity":"","overlay-gradient":""}},"ast-content-background-meta":{"desktop":{"background-color":"var(--ast-global-color-5)","background-image":"","background-repeat":"repeat","background-position":"center center","background-size":"auto","background-attachment":"scroll","background-type":"","background-media":"","overlay-type":"","overlay-color":"","overlay-opacity":"","overlay-gradient":""},"tablet":{"background-color":"var(--ast-global-color-5)","background-image":"","background-repeat":"repeat","background-position":"center center","background-size":"auto","background-attachment":"scroll","background-type":"","background-media":"","overlay-type":"","overlay-color":"","overlay-opacity":"","overlay-gradient":""},"mobile":{"background-color":"var(--ast-global-color-5)","background-image":"","background-repeat":"repeat","background-position":"center center","background-size":"auto","background-attachment":"scroll","background-type":"","background-media":"","overlay-type":"","overlay-color":"","overlay-opacity":"","overlay-gradient":""}},"footnotes":""},"class_list":["post-10331","page","type-page","status-publish","hentry"],"aioseo_notices":[],"_hostinger_reach_plugin_has_subscription_block":false,"_hostinger_reach_plugin_is_elementor":false,"uagb_featured_image_src":{"full":false,"thumbnail":false,"medium":false,"medium_large":false,"large":false,"1536x1536":false,"2048x2048":false,"trp-custom-language-flag":false,"woocommerce_thumbnail":false,"woocommerce_single":false,"woocommerce_gallery_thumbnail":false,"variation_swatches_image_size":false,"variation_swatches_tooltip_size":false},"uagb_author_info":{"display_name":"Vira","author_link":"https:\/\/virunchik.com\/lt\/author\/vira\/"},"uagb_comment_info":0,"uagb_excerpt":"About Us Virunchik&#8217;s First Professional Photoshoot First Leotard Second Leotard &nbsp; &nbsp; &nbsp;Welcome to Virunchik! Our brand was founded in 2019 by Vira, a professional ballet dancer and teacher from Ukraine. What began with Vira making colorful ballet skirts on her grandmother&#8217;s old sewing machine quickly grew into something bigger as her friends loved the&hellip;","_links":{"self":[{"href":"https:\/\/virunchik.com\/lt\/wp-json\/wp\/v2\/pages\/10331","targetHints":{"allow":["GET"]}}],"collection":[{"href":"https:\/\/virunchik.com\/lt\/wp-json\/wp\/v2\/pages"}],"about":[{"href":"https:\/\/virunchik.com\/lt\/wp-json\/wp\/v2\/types\/page"}],"author":[{"embeddable":true,"href":"https:\/\/virunchik.com\/lt\/wp-json\/wp\/v2\/users\/1"}],"replies":[{"embeddable":true,"href":"https:\/\/virunchik.com\/lt\/wp-json\/wp\/v2\/comments?post=10331"}],"version-history":[{"count":28,"href":"https:\/\/virunchik.com\/lt\/wp-json\/wp\/v2\/pages\/10331\/revisions"}],"predecessor-version":[{"id":10370,"href":"https:\/\/virunchik.com\/lt\/wp-json\/wp\/v2\/pages\/10331\/revisions\/10370"}],"up":[{"embeddable":true,"href":"https:\/\/virunchik.com\/lt\/wp-json\/wp\/v2\/pages\/252"}],"wp:attachment":[{"href":"https:\/\/virunchik.com\/lt\/wp-json\/wp\/v2\/media?parent=10331"}],"curies":[{"name":"wp","href":"https:\/\/api.w.org\/{rel}","templated":true}]}}