{"id":7935,"date":"2024-05-29T09:01:58","date_gmt":"2024-05-29T09:01:58","guid":{"rendered":"https:\/\/virunchik.com\/?page_id=7935"},"modified":"2025-02-28T18:52:31","modified_gmt":"2025-02-28T18:52:31","slug":"return-policy","status":"publish","type":"page","link":"https:\/\/virunchik.com\/lt\/about\/return-policy\/","title":{"rendered":"Gr\u0105\u017einimo politika"},"content":{"rendered":"<div data-elementor-type=\"wp-page\" data-elementor-id=\"7935\" class=\"elementor elementor-7935\">\n\t\t\t\t\t\t<section class=\"elementor-section elementor-top-section elementor-element elementor-element-1336c617 elementor-section-height-min-height elementor-section-boxed elementor-section-height-default elementor-section-items-middle\" data-id=\"1336c617\" data-element_type=\"section\" data-settings=\"{&quot;background_background&quot;:&quot;gradient&quot;}\">\n\t\t\t\t\t\t<div class=\"elementor-container elementor-column-gap-default\">\n\t\t\t\t\t<div class=\"elementor-column elementor-col-100 elementor-top-column elementor-element elementor-element-7f957220\" data-id=\"7f957220\" data-element_type=\"column\">\n\t\t\t<div class=\"elementor-widget-wrap elementor-element-populated\">\n\t\t\t\t\t\t<div class=\"elementor-element elementor-element-617f05d8 elementor-widget elementor-widget-heading\" data-id=\"617f05d8\" data-element_type=\"widget\" data-widget_type=\"heading.default\">\n\t\t\t\t<div class=\"elementor-widget-container\">\n\t\t\t\t\t<h1 class=\"elementor-heading-title elementor-size-default\"><a href=\"http:\/\/virunchik.comterms-and-conditions\">Gr\u0105\u017einimo politika<\/a><\/h1>\t\t\t\t<\/div>\n\t\t\t\t<\/div>\n\t\t\t\t\t<\/div>\n\t\t<\/div>\n\t\t\t\t\t<\/div>\n\t\t<\/section>\n\t\t\t\t<section class=\"elementor-section elementor-top-section elementor-element elementor-element-38765c5b elementor-section-boxed elementor-section-height-default elementor-section-height-default\" data-id=\"38765c5b\" data-element_type=\"section\" data-settings=\"{&quot;animation&quot;:&quot;none&quot;}\">\n\t\t\t\t\t\t<div class=\"elementor-container elementor-column-gap-default\">\n\t\t\t\t\t<div class=\"elementor-column elementor-col-50 elementor-top-column elementor-element elementor-element-6a82d977 elementor-invisible\" data-id=\"6a82d977\" data-element_type=\"column\" data-settings=\"{&quot;animation&quot;:&quot;slideInLeft&quot;,&quot;animation_tablet&quot;:&quot;none&quot;,&quot;animation_mobile&quot;:&quot;none&quot;}\">\n\t\t\t<div class=\"elementor-widget-wrap\">\n\t\t\t\t\t\t\t<\/div>\n\t\t<\/div>\n\t\t\t\t<div class=\"elementor-column elementor-col-50 elementor-top-column elementor-element elementor-element-3d440c4\" data-id=\"3d440c4\" data-element_type=\"column\" data-settings=\"{&quot;animation&quot;:&quot;none&quot;,&quot;animation_tablet&quot;:&quot;none&quot;,&quot;animation_mobile&quot;:&quot;none&quot;,&quot;animation_delay&quot;:1000}\">\n\t\t\t<div class=\"elementor-widget-wrap elementor-element-populated\">\n\t\t\t\t\t\t<div class=\"elementor-element elementor-element-23bc2676 elementor-widget elementor-widget-text-editor\" data-id=\"23bc2676\" data-element_type=\"widget\" data-settings=\"{&quot;_animation&quot;:&quot;none&quot;}\" data-widget_type=\"text-editor.default\">\n\t\t\t\t<div class=\"elementor-widget-container\">\n\t\t\t\t\t\t\t\t\t<p><style>\n  [data-custom-class='body'], [data-custom-class='body'] * {<br \/>          background: transparent !important;<br \/>        }<br \/>[data-custom-class='title'], [data-custom-class='title'] * {<br \/>          font-family: Arial !important;<br \/>font-size: 26px !important;<br \/>color: #000000 !important;<br \/>        }<br \/>[data-custom-class='subtitle'], [data-custom-class='subtitle'] * {<br \/>          font-family: Arial !important;<br \/>color: #595959 !important;<br \/>font-size: 14px !important;<br \/>        }<br \/>[data-custom-class='heading_1'], [data-custom-class='heading_1'] * {<br \/>          font-family: Arial !important;<br \/>font-size: 19px !important;<br \/>color: #000000 !important;<br \/>        }<br \/>[data-custom-class='heading_2'], [data-custom-class='heading_2'] * {<br \/>          font-family: Arial !important;<br \/>font-size: 17px !important;<br \/>color: #000000 !important;<br \/>        }<br \/>[data-custom-class='body_text'], [data-custom-class='body_text'] * {<br \/>          color: #595959 !important;<br \/>font-size: 14px !important;<br \/>font-family: Arial !important;<br \/>        }<br \/>[data-custom-class='link'], [data-custom-class='link'] * {<br \/>          color: #3030F1 !important;<br \/>font-size: 14px !important;<br \/>font-family: Arial !important;<br \/>word-break: break-word !important;<br \/>        }<br \/><\/style>\n<\/p>\n<div data-custom-class=\"body\">\n<div>\n<div class=\"MsoNormal\" style=\"text-align: center; line-height: 115%;\" align=\"center\">\n<p><a name=\"_2cipo4yr3w5d\"><\/a><\/p>\n<div class=\"MsoNormal\" style=\"text-align: left; line-height: 150%;\" align=\"center\"><strong><span style=\"font-size: 26px;\"><span data-custom-class=\"title\">Gr\u0105\u017einimo politika<\/span><\/span><\/strong><\/div>\n<div class=\"MsoNormal\" style=\"text-align: left; line-height: 150%;\" align=\"center\">&nbsp;<\/div>\n<div class=\"MsoNormal\" style=\"text-align: left; line-height: 150%;\" align=\"center\"><span style=\"font-size: 15px;\"><span style=\"color: #595959;\"><strong><span data-custom-class=\"subtitle\">Paskutin\u012f kart\u0105 atnaujinta 2024 m. gegu\u017e\u0117s 31 d.<\/span><\/strong><\/span><\/span><\/div>\n<div class=\"MsoNormal\" style=\"text-align: left; line-height: 150%;\" align=\"center\">&nbsp;<\/div>\n<div class=\"MsoNormal\" style=\"text-align: left; line-height: 150%;\" align=\"center\"><span style=\"font-size: 15px;\"><br><a name=\"_2cipo4yr3w5d\"><\/a><\/span><\/div>\n<\/div>\n<div class=\"MsoNormal\" style=\"line-height: 1.5;\" data-custom-class=\"body_text\"><span style=\"font-size: 15px; line-height: 115%; font-family: Arial; color: #595959;\">A\u010di\u016b u\u017e j\u016bs\u0173 pirkim\u0105. Tikim\u0117s, kad esate patenkinti savo pirkiniu. Ta\u010diau, jei d\u0117l kokios nors prie\u017easties nesate visi\u0161kai patenkinti savo pirkiniu, galite j\u012f gr\u0105\u017einti ir gauti piln\u0105 gr\u0105\u017einam\u0105j\u0105 sum\u0105 arba keitim\u0105. Daugiau informacijos apie m\u016bs\u0173 gr\u0105\u017einimo politik\u0105 rasite \u017eemiau.<\/span><\/div>\n<\/div>\n<div style=\"line-height: 1.5;\">&nbsp;<\/div>\n<div>\n<div class=\"MsoNormal\" style=\"line-height: 115%;\" data-custom-class=\"heading_1\"><a name=\"_iwimutmowezb\"><\/a><strong><span style=\"line-height: 115%; font-family: Arial; font-size: 19px;\">GR\u0104\u017dINIMAI<\/span><\/strong><\/div>\n<\/div>\n<div style=\"line-height: 1.5;\">&nbsp;<\/div>\n<div>\n<div class=\"MsoNormal\" style=\"line-height: 1.5;\" data-custom-class=\"body_text\"><span style=\"font-size: 15px; line-height: 115%; font-family: Arial; color: #595959;\">Visi gr\u0105\u017einimai turi b\u016bti pa\u017eenklinti pa\u0161to \u017eyma ne v\u0117liau kaip per keturiolika (14) dien\u0173 nuo pirkimo datos. Visi gr\u0105\u017einami daiktai turi b\u016bti nauji ir nenaudoti, su visais originaliais etiket\u0117mis ir \u017eenklais.<\/span><\/div>\n<\/div>\n<div style=\"line-height: 1.5;\">&nbsp;<\/div>\n<div>\n<div class=\"MsoNormal\" style=\"line-height: 1.5;\" data-custom-class=\"heading_1\"><a name=\"_16t1v96tankw\"><\/a><strong><span style=\"line-height: 115%; font-family: Arial; font-size: 19px;\">GR\u0104\u017dINIMO PROCESAS<\/span><\/strong><\/div>\n<\/div>\n<div style=\"line-height: 1.5;\">&nbsp;<\/div>\n<div>\n<div class=\"MsoNormal\" style=\"line-height: 1.5;\" data-custom-class=\"body_text\"><span style=\"font-size: 15px; line-height: 115%; font-family: Arial; color: #595959;\">Nor\u0117dami gr\u0105\u017einti prek\u0119, pra\u0161ome para\u0161yti el. lai\u0161k\u0105 klient\u0173 aptarnavimo skyriui adresu virunchik.com@gmail.com ir gauti preki\u0173 gr\u0105\u017einimo autorizacijos (RMA) numer\u012f. Gav\u0119 RMA numer\u012f, saugiai supakuokite prek\u0119 \u012f originali\u0105 pakuot\u0119 ir i\u0161si\u0173skite gr\u0105\u017einim\u0105 \u0161iuo adresu:<\/span><\/div>\n<div class=\"MsoNormal\" style=\"line-height: 1.1;\"><span style=\"font-size: 15px;\"><span style=\"line-height: 115%; font-family: Arial; color: #595959;\">&nbsp;<\/span><\/span><\/div>\n<div class=\"MsoNormal\" style=\"line-height: 115%;\" data-custom-class=\"body_text\"><span style=\"font-size: 15px;\"><span style=\"line-height: 115%; font-family: Arial; color: #595959;\">Virunchik \\ Vira Sobchak<br><\/span><\/span><\/div>\n<div class=\"MsoNormal\" style=\"line-height: 1.5;\" data-custom-class=\"body_text\"><span style=\"font-size: 15px;\"><span style=\"line-height: 115%; font-family: Arial; color: #595959;\">Gr\u0105\u017einimai<\/span><\/span><\/div>\n<div class=\"MsoNormal\" style=\"line-height: 1.5;\" data-custom-class=\"body_text\"><span style=\"font-size: 15px;\"><span style=\"line-height: 115%; font-family: Arial; color: #595959;\">RMA #<\/span><\/span><\/div>\n<div class=\"MsoNormal\" style=\"line-height: 1.5;\" data-custom-class=\"body_text\"><span style=\"font-size: 15px;\"><span style=\"color: #595959;\">A. Mickevi\u010diaus g. 41<\/span><\/span><\/div>\n<div class=\"MsoNormal\" style=\"line-height: 1.5;\" data-custom-class=\"body_text\"><span style=\"font-size: 15px;\"><span style=\"line-height: 115%; font-family: Arial; color: #595959;\">Kaunas, Kauno r. 44243<\/span><\/span><\/div>\n<div class=\"MsoNormal\" style=\"line-height: 1.5;\" data-custom-class=\"body_text\"><span style=\"font-size: 15px;\"><span style=\"line-height: 115%; font-family: Arial; color: #595959;\">Lietuva<\/span><\/span><\/div>\n<\/div>\n<div style=\"line-height: 1.1;\">&nbsp;<\/div>\n<div>\n<div class=\"MsoNormal\" style=\"line-height: 1.5;\" data-custom-class=\"body_text\"><span style=\"font-size: 15px; line-height: 115%; font-family: Arial; color: #595959;\">Atkreipkite d\u0117mes\u012f, kad u\u017e visas preki\u0173 gr\u0105\u017einimo siuntimo i\u0161laidas b\u016bsite atsakingi j\u016bs. Stipriai rekomenduojame naudoti sekam\u0105 siuntimo metod\u0105 gr\u0105\u017einimui.&nbsp;<\/span><\/div>\n<div class=\"MsoNormal\" style=\"line-height: 1.5;\">&nbsp;<\/div>\n<div class=\"MsoNormal\" style=\"line-height: 1.5;\" data-custom-class=\"heading_1\"><a name=\"_qxq7t4ufn5pr\"><\/a><strong><span style=\"line-height: 115%; font-family: Arial; font-size: 19px;\">Pinig\u0173 gr\u0105\u017einimas<\/span><\/strong><\/div>\n<div class=\"MsoNormal\" style=\"line-height: 115%;\"><a name=\"_kcap2nw8xg2p\"><\/a><\/div>\n<div class=\"MsoNormal\" style=\"line-height: 1.5;\">&nbsp;<\/div>\n<div class=\"MsoNormal\" style=\"line-height: 1.5;\" data-custom-class=\"body_text\"><span style=\"font-size: 15px; line-height: 115%; font-family: Arial; color: #595959;\">Gav\u0119 j\u016bs\u0173 gr\u0105\u017einim\u0105 ir patikrin\u0119 prek\u0119, mes apdorosime j\u016bs\u0173 gr\u0105\u017einim\u0105 arba pakeitim\u0105. Pra\u0161ome palaukti bent keturiolika (14) dien\u0173 nuo preki\u0173 gavimo, kad b\u016bt\u0173 apdorotas j\u016bs\u0173 gr\u0105\u017einimas arba pakeitimas. Apie apdorot\u0105 gr\u0105\u017einim\u0105 prane\u0161ime jums el. pa\u0161tu.<\/span><\/div>\n<div class=\"MsoNormal\" style=\"line-height: 115%;\"><a name=\"_gjdgxs\"><\/a><\/div>\n<div class=\"MsoNormal\" style=\"line-height: 1.5;\">&nbsp;<\/div>\n<div class=\"MsoNormal\" style=\"line-height: 1.5;\" data-custom-class=\"heading_1\"><a name=\"_33ujiidflcnn\"><\/a><strong><span style=\"line-height: 115%; font-family: Arial; font-size: 19px;\">I\u0161imtys<\/span><\/strong><\/div>\n<div style=\"line-height: 1.1;\" data-custom-class=\"body_text\">&nbsp;<\/div>\n<div style=\"line-height: 1.5;\" data-custom-class=\"body_text\"><span style=\"color: #595959; font-family: sans-serif; font-size: 15px; font-style: normal; font-variant-ligatures: normal; font-variant-caps: normal; font-weight: 400; letter-spacing: normal; orphans: 2; text-align: start; text-indent: 0px; text-transform: none; white-space: normal; widows: 2; word-spacing: 0px; -webkit-text-stroke-width: 0px; background-color: #ffffff; text-decoration-style: initial; text-decoration-color: initial; display: inline !important; float: none;\">\u0160i\u0173 preki\u0173 negalima gr\u0105\u017einti ar keisti:<\/span><\/div>\n<div style=\"line-height: 1.5;\" data-custom-class=\"body_text\">&nbsp;<\/div>\n<div style=\"line-height: 1.5;\" data-custom-class=\"body_text\"><strong style=\"font-weight: bold; color: #000000; font-family: sans-serif; font-size: medium; font-style: normal; font-variant-ligatures: normal; font-variant-caps: normal; letter-spacing: normal; orphans: 2; text-align: start; text-indent: 0px; text-transform: none; white-space: normal; widows: 2; word-spacing: 0px; -webkit-text-stroke-width: 0px; background-color: #ffffff; text-decoration-style: initial; text-decoration-color: initial;\"><span style=\"font-size: 15px; color: #595959; font-family: sans-serif; font-style: normal; font-variant-ligatures: normal; font-variant-caps: normal; font-weight: 400; letter-spacing: normal; orphans: 2; text-align: start; text-indent: 0px; text-transform: none; white-space: normal; widows: 2; word-spacing: 0px; -webkit-text-stroke-width: 0px; background-color: #ffffff; text-decoration-style: initial; text-decoration-color: initial; display: inline !important; float: none;\">&nbsp; &nbsp; &nbsp;\u25cf&nbsp; &nbsp; &nbsp;I<\/span><\/strong><span style=\"color: #595959; font-family: sans-serif; font-size: 15px; font-style: normal; font-variant-ligatures: normal; font-variant-caps: normal; font-weight: 400; letter-spacing: normal; orphans: 2; text-align: start; text-indent: 0px; text-transform: none; white-space: normal; widows: 2; word-spacing: 0px; -webkit-text-stroke-width: 0px; background-color: #ffffff; text-decoration-style: initial; text-decoration-color: initial; display: inline !important; float: none;\">Prek\u0117s, pagamintos pagal u\u017esakym\u0105<\/span><\/div>\n<div style=\"line-height: 1.1;\" data-custom-class=\"body_text\" data-empty=\"true\"><span style=\"color: #595959;\"><span style=\"font-size: 15px;\">&nbsp;<\/span><\/span><\/div>\n<div style=\"line-height: 1.5;\" data-custom-class=\"body_text\"><span style=\"color: #595959;\"><span style=\"font-size: 15px;\">D\u0117l brokuot\u0173 arba pa\u017eeist\u0173 preki\u0173, pra\u0161ome susisiekti su mumis naudojantis \u017eemiau pateiktais kontaktais, kad susitartume d\u0117l gr\u0105\u017einimo arba pakeitimo.<\/span><\/span><\/div>\n<div style=\"line-height: 1.5;\" data-custom-class=\"body_text\" data-empty=\"true\">&nbsp;<\/div>\n<div style=\"line-height: 1.5;\">&nbsp;<\/div>\n<div style=\"line-height: 1.5;\" data-custom-class=\"heading_1\"><span style=\"font-size: 19px; color: #000000;\"><strong>Klausimai<\/strong><\/span><\/div>\n<div style=\"line-height: 1.5;\">&nbsp;<\/div>\n<div style=\"line-height: 1.5;\" data-custom-class=\"body_text\"><span style=\"font-size: 15px; color: #595959;\">Jei turite koki\u0173 nors klausim\u0173 d\u0117l m\u016bs\u0173 preki\u0173 gr\u0105\u017einimo politikos, pra\u0161ome susisiekti su mumis adresu:<\/span><\/div>\n<div style=\"line-height: 1.1;\" data-custom-class=\"body_text\">&nbsp;<\/div>\n<div style=\"line-height: 1.5;\" data-custom-class=\"body_text\">&nbsp;<\/div>\n<div style=\"line-height: 1.5;\" data-custom-class=\"body_text\"><span style=\"font-size: 15px; color: #595959;\">virunchik.com@gmail.com<\/span><\/div>\n<style>\n      ul {<br \/>        list-style-type: square;<br \/>      }<br \/>      ul > li > ul {<br \/>        list-style-type: circle;<br \/>      }<br \/>      ul > li > ul > li > ul {<br \/>        list-style-type: square;<br \/>      }<br \/>      ol li {<br \/>        font-family: Arial ;<br \/>      }<br \/>    <\/style>\n<\/div>\n<\/div>\t\t\t\t\t\t\t\t<\/div>\n\t\t\t\t<\/div>\n\t\t\t\t\t<\/div>\n\t\t<\/div>\n\t\t\t\t\t<\/div>\n\t\t<\/section>\n\t\t\t\t<\/div>","protected":false},"excerpt":{"rendered":"<p>Return Policy RETURN POLICY &nbsp; Last updated May 31, 2024 &nbsp; Thank you for your purchase. We hope you are happy with your purchase. However, if you are not completely satisfied with your purchase for any reason, you may return it to us for a full refund or an exchange. Please see below for more [&hellip;]<\/p>","protected":false},"author":1,"featured_media":0,"parent":252,"menu_order":0,"comment_status":"closed","ping_status":"closed","template":"elementor_header_footer","meta":{"om_disable_all_campaigns":false,"_uag_custom_page_level_css":"","_monsterinsights_skip_tracking":false,"_monsterinsights_sitenote_active":false,"_monsterinsights_sitenote_note":"","_monsterinsights_sitenote_category":0,"site-sidebar-layout":"no-sidebar","site-content-layout":"page-builder","ast-site-content-layout":"","site-content-style":"default","site-sidebar-style":"default","ast-global-header-display":"","ast-banner-title-visibility":"","ast-main-header-display":"","ast-hfb-above-header-display":"","ast-hfb-below-header-display":"","ast-hfb-mobile-header-display":"","site-post-title":"disabled","ast-breadcrumbs-content":"disabled","ast-featured-img":"disabled","footer-sml-layout":"","theme-transparent-header-meta":"enabled","adv-header-id-meta":"","stick-header-meta":"","header-above-stick-meta":"","header-main-stick-meta":"","header-below-stick-meta":"","astra-migrate-meta-layouts":"default","ast-page-background-enabled":"default","ast-page-background-meta":{"desktop":{"background-color":"var(--ast-global-color-4)","background-image":"","background-repeat":"repeat","background-position":"center center","background-size":"auto","background-attachment":"scroll","background-type":"","background-media":"","overlay-type":"","overlay-color":"","overlay-opacity":"","overlay-gradient":""},"tablet":{"background-color":"","background-image":"","background-repeat":"repeat","background-position":"center center","background-size":"auto","background-attachment":"scroll","background-type":"","background-media":"","overlay-type":"","overlay-color":"","overlay-opacity":"","overlay-gradient":""},"mobile":{"background-color":"","background-image":"","background-repeat":"repeat","background-position":"center center","background-size":"auto","background-attachment":"scroll","background-type":"","background-media":"","overlay-type":"","overlay-color":"","overlay-opacity":"","overlay-gradient":""}},"ast-content-background-meta":{"desktop":{"background-color":"var(--ast-global-color-5)","background-image":"","background-repeat":"repeat","background-position":"center center","background-size":"auto","background-attachment":"scroll","background-type":"","background-media":"","overlay-type":"","overlay-color":"","overlay-opacity":"","overlay-gradient":""},"tablet":{"background-color":"var(--ast-global-color-5)","background-image":"","background-repeat":"repeat","background-position":"center center","background-size":"auto","background-attachment":"scroll","background-type":"","background-media":"","overlay-type":"","overlay-color":"","overlay-opacity":"","overlay-gradient":""},"mobile":{"background-color":"var(--ast-global-color-5)","background-image":"","background-repeat":"repeat","background-position":"center center","background-size":"auto","background-attachment":"scroll","background-type":"","background-media":"","overlay-type":"","overlay-color":"","overlay-opacity":"","overlay-gradient":""}},"footnotes":""},"class_list":["post-7935","page","type-page","status-publish","hentry"],"aioseo_notices":[],"_hostinger_reach_plugin_has_subscription_block":false,"_hostinger_reach_plugin_is_elementor":false,"uagb_featured_image_src":{"full":false,"thumbnail":false,"medium":false,"medium_large":false,"large":false,"1536x1536":false,"2048x2048":false,"trp-custom-language-flag":false,"woocommerce_thumbnail":false,"woocommerce_single":false,"woocommerce_gallery_thumbnail":false,"variation_swatches_image_size":false,"variation_swatches_tooltip_size":false},"uagb_author_info":{"display_name":"Vira","author_link":"https:\/\/virunchik.com\/lt\/author\/vira\/"},"uagb_comment_info":0,"uagb_excerpt":"Return Policy RETURN POLICY &nbsp; Last updated May 31, 2024 &nbsp; Thank you for your purchase. We hope you are happy with your purchase. However, if you are not completely satisfied with your purchase for any reason, you may return it to us for a full refund or an exchange. Please see below for more&hellip;","_links":{"self":[{"href":"https:\/\/virunchik.com\/lt\/wp-json\/wp\/v2\/pages\/7935","targetHints":{"allow":["GET"]}}],"collection":[{"href":"https:\/\/virunchik.com\/lt\/wp-json\/wp\/v2\/pages"}],"about":[{"href":"https:\/\/virunchik.com\/lt\/wp-json\/wp\/v2\/types\/page"}],"author":[{"embeddable":true,"href":"https:\/\/virunchik.com\/lt\/wp-json\/wp\/v2\/users\/1"}],"replies":[{"embeddable":true,"href":"https:\/\/virunchik.com\/lt\/wp-json\/wp\/v2\/comments?post=7935"}],"version-history":[{"count":26,"href":"https:\/\/virunchik.com\/lt\/wp-json\/wp\/v2\/pages\/7935\/revisions"}],"predecessor-version":[{"id":10568,"href":"https:\/\/virunchik.com\/lt\/wp-json\/wp\/v2\/pages\/7935\/revisions\/10568"}],"up":[{"embeddable":true,"href":"https:\/\/virunchik.com\/lt\/wp-json\/wp\/v2\/pages\/252"}],"wp:attachment":[{"href":"https:\/\/virunchik.com\/lt\/wp-json\/wp\/v2\/media?parent=7935"}],"curies":[{"name":"wp","href":"https:\/\/api.w.org\/{rel}","templated":true}]}}