{"id":11390,"date":"2025-03-09T11:57:37","date_gmt":"2025-03-09T11:57:37","guid":{"rendered":"https:\/\/virunchik.com\/?post_type=product&#038;p=11390"},"modified":"2026-01-03T08:22:04","modified_gmt":"2026-01-03T08:22:04","slug":"short-cut-jacket","status":"publish","type":"product","link":"https:\/\/virunchik.com\/lt\/produktas\/short-cut-jacket\/","title":{"rendered":"Trumpa Striuk\u0117"},"content":{"rendered":"<ul data-start=\"591\" data-end=\"721\">\n<li class=\"\" data-start=\"591\" data-end=\"607\">\n<p class=\"\" data-start=\"593\" data-end=\"607\">100% Poliesteris<\/p>\n<\/li>\n<li class=\"\" data-start=\"608\" data-end=\"642\">\n<p class=\"\" data-start=\"610\" data-end=\"642\">Skalbti skalbimo ma\u0161inoje, \u0161velnus re\u017eimas (maks. 40\u00b0C)<\/p>\n<\/li>\n<li class=\"\" data-start=\"643\" data-end=\"678\">\n<p class=\"\" data-start=\"645\" data-end=\"678\">Garinti arba lyginti \u017eemoje temperat\u016broje<\/p>\n<\/li>\n<li class=\"\" data-start=\"679\" data-end=\"721\">\n<p class=\"\" data-start=\"681\" data-end=\"721\">Pasirinktiniai dyd\u017eiai prieinami be papildom\u0173 mokes\u010di\u0173<\/p>\n<\/li>\n<\/ul>\n<p class=\"\" data-start=\"723\" data-end=\"899\"><br data-start=\"819\" data-end=\"822\" \/><em data-start=\"822\" data-end=\"897\">Pra\u0161ome atkreipti d\u0117mes\u012f: spalv\u0173 atspalviai gali \u0161iek tiek skirtis priklausomai nuo ekrano nustatym\u0173.<\/em><\/p>\n<p class=\"\" data-start=\"901\" data-end=\"958\">Pristatymas u\u017esakytoms prek\u0117ms: 1\u20134 savait\u0117s nuo apmok\u0117jimo.<\/p>","protected":false},"excerpt":{"rendered":"<p>Trumpa ap\u0161ilimo striuk\u0117 sukurta \u0161ok\u0117jams, kuriems reikalinga \u0161iluma be papildomos apimties. Ji lengva, kv\u0117puojanti ir lengvai derinama su kitais drabu\u017eiais, o laisvas kirpimas u\u017etikrina visi\u0161k\u0105 judesi\u0173 laisv\u0119.<\/p>\n<p>&nbsp;<\/p>\n<p>Priekinis pusiau u\u017etraukiamas u\u017etrauktukas ir auk\u0161ta apykakl\u0117 padeda reguliuoti \u0161ilum\u0105 repeticij\u0173 metu. Elastiniai rankogaliai suteikia papildomo komforto, o eleganti\u0161kas dizainas leid\u017eia \u0161\u012f drabu\u017e\u012f puikiai pritaikyti ap\u0161ilimams, pamokoms ir studijos u\u017esi\u0117mimams. Be to, apa\u010dioje esantys apval\u016bs juosteli\u0173 u\u017esegimai leid\u017eia reguliuoti prigludim\u0105, suteikdami individual\u0173 ir asmeni\u0161k\u0105 \u012fvaizd\u012f.<\/p>\n<p>&nbsp;<\/p>\n<div class=\"flex max-w-full flex-col flex-grow\">\n<div class=\"min-h-8 text-message relative flex w-full flex-col items-end gap-2 whitespace-normal break-words text-start [.text-message+&amp;]:mt-5\" dir=\"auto\" data-message-author-role=\"assistant\" data-message-id=\"4d7db93a-331b-4c6a-bd90-e4f57132a76e\" data-message-model-slug=\"gpt-4o-mini\">\n<div class=\"flex w-full flex-col gap-1 empty:hidden first:pt-[3px]\">\n<div class=\"markdown prose w-full break-words dark:prose-invert light\">\n<p data-start=\"0\" data-end=\"528\" data-is-last-node=\"\" data-is-only-node=\"\">Galima \u012fsigyti vis\u0173 spalv\u0173, kiekviena j\u0173 turi kontrasting\u0105, deran\u010dio tono u\u017etrauktuk\u0105 (jei pageidaujate konkre\u010dios u\u017etrauktuko spalvos, pra\u0161ome palikti pastab\u0105 atsiskaitymo metu).<\/p>\n<\/div>\n<\/div>\n<p data-start=\"0\" data-end=\"528\" data-is-last-node=\"\" data-is-only-node=\"\">\n<\/div>\n<\/div>","protected":false},"featured_media":12504,"comment_status":"closed","ping_status":"closed","template":"","meta":{"om_disable_all_campaigns":false,"_uag_custom_page_level_css":"","_monsterinsights_skip_tracking":false,"_monsterinsights_sitenote_active":false,"_monsterinsights_sitenote_note":"","_monsterinsights_sitenote_category":0,"site-sidebar-layout":"default","site-content-layout":"","ast-site-content-layout":"default","site-content-style":"default","site-sidebar-style":"default","ast-global-header-display":"","ast-banner-title-visibility":"","ast-main-header-display":"","ast-hfb-above-header-display":"","ast-hfb-below-header-display":"","ast-hfb-mobile-header-display":"","site-post-title":"","ast-breadcrumbs-content":"","ast-featured-img":"","footer-sml-layout":"","theme-transparent-header-meta":"default","adv-header-id-meta":"","stick-header-meta":"","header-above-stick-meta":"","header-main-stick-meta":"","header-below-stick-meta":"","astra-migrate-meta-layouts":"set","ast-page-background-enabled":"default","ast-page-background-meta":{"desktop":{"background-color":"var(--ast-global-color-4)","background-image":"","background-repeat":"repeat","background-position":"center center","background-size":"auto","background-attachment":"scroll","background-type":"","background-media":"","overlay-type":"","overlay-color":"","overlay-opacity":"","overlay-gradient":""},"tablet":{"background-color":"","background-image":"","background-repeat":"repeat","background-position":"center center","background-size":"auto","background-attachment":"scroll","background-type":"","background-media":"","overlay-type":"","overlay-color":"","overlay-opacity":"","overlay-gradient":""},"mobile":{"background-color":"","background-image":"","background-repeat":"repeat","background-position":"center center","background-size":"auto","background-attachment":"scroll","background-type":"","background-media":"","overlay-type":"","overlay-color":"","overlay-opacity":"","overlay-gradient":""}},"ast-content-background-meta":{"desktop":{"background-color":"var(--ast-global-color-5)","background-image":"","background-repeat":"repeat","background-position":"center center","background-size":"auto","background-attachment":"scroll","background-type":"","background-media":"","overlay-type":"","overlay-color":"","overlay-opacity":"","overlay-gradient":""},"tablet":{"background-color":"var(--ast-global-color-5)","background-image":"","background-repeat":"repeat","background-position":"center center","background-size":"auto","background-attachment":"scroll","background-type":"","background-media":"","overlay-type":"","overlay-color":"","overlay-opacity":"","overlay-gradient":""},"mobile":{"background-color":"var(--ast-global-color-5)","background-image":"","background-repeat":"repeat","background-position":"center center","background-size":"auto","background-attachment":"scroll","background-type":"","background-media":"","overlay-type":"","overlay-color":"","overlay-opacity":"","overlay-gradient":""}}},"product_brand":[],"product_cat":[194],"product_tag":[],"class_list":{"0":"post-11390","1":"product","2":"type-product","3":"status-publish","4":"has-post-thumbnail","6":"product_cat-warm-up-clothes","7":"product_shipping_class-small","8":"desktop-align-center","9":"tablet-align-left","10":"mobile-align-left","12":"first","13":"instock","14":"shipping-taxable","15":"purchasable","16":"product-type-variable"},"aioseo_notices":[],"uagb_featured_image_src":{"full":["https:\/\/virunchik.com\/wp-content\/uploads\/2025\/03\/short-cut-jacket-light-violet-1.png",1618,2021,false],"thumbnail":["https:\/\/virunchik.com\/wp-content\/uploads\/2025\/03\/short-cut-jacket-light-violet-1-150x150.png",150,150,true],"medium":["https:\/\/virunchik.com\/wp-content\/uploads\/2025\/03\/short-cut-jacket-light-violet-1-240x300.png",240,300,true],"medium_large":["https:\/\/virunchik.com\/wp-content\/uploads\/2025\/03\/short-cut-jacket-light-violet-1-768x959.png",768,959,true],"large":["https:\/\/virunchik.com\/wp-content\/uploads\/2025\/03\/short-cut-jacket-light-violet-1-820x1024.png",820,1024,true],"1536x1536":["https:\/\/virunchik.com\/wp-content\/uploads\/2025\/03\/short-cut-jacket-light-violet-1-1230x1536.png",1230,1536,true],"2048x2048":["https:\/\/virunchik.com\/wp-content\/uploads\/2025\/03\/short-cut-jacket-light-violet-1.png",1618,2021,false],"trp-custom-language-flag":["https:\/\/virunchik.com\/wp-content\/uploads\/2025\/03\/short-cut-jacket-light-violet-1-10x12.png",10,12,true],"woocommerce_thumbnail":["https:\/\/virunchik.com\/wp-content\/uploads\/2025\/03\/short-cut-jacket-light-violet-1-600x749.png",600,749,true],"woocommerce_single":["https:\/\/virunchik.com\/wp-content\/uploads\/2025\/03\/short-cut-jacket-light-violet-1-600x749.png",600,749,true],"woocommerce_gallery_thumbnail":["https:\/\/virunchik.com\/wp-content\/uploads\/2025\/03\/short-cut-jacket-light-violet-1-100x100.png",100,100,true],"variation_swatches_image_size":["https:\/\/virunchik.com\/wp-content\/uploads\/2025\/03\/short-cut-jacket-light-violet-1-50x50.png",50,50,true],"variation_swatches_tooltip_size":["https:\/\/virunchik.com\/wp-content\/uploads\/2025\/03\/short-cut-jacket-light-violet-1-100x100.png",100,100,true]},"uagb_author_info":{"display_name":"Vira","author_link":"https:\/\/virunchik.com\/lt\/author\/"},"uagb_comment_info":0,"uagb_excerpt":"The Short Cut Warm-Up Jacket is designed for dancers who need warmth without the bulk. It's lightweight, breathable, and easy to layer, with a relaxed fit that allows full movement. &nbsp; The half-zip front and high collar help you regulate warmth during rehearsals. Elasticated cuffs add to the comfort, while the sleek design makes it&hellip;","_links":{"self":[{"href":"https:\/\/virunchik.com\/lt\/wp-json\/wp\/v2\/product\/11390","targetHints":{"allow":["GET"]}}],"collection":[{"href":"https:\/\/virunchik.com\/lt\/wp-json\/wp\/v2\/product"}],"about":[{"href":"https:\/\/virunchik.com\/lt\/wp-json\/wp\/v2\/types\/product"}],"replies":[{"embeddable":true,"href":"https:\/\/virunchik.com\/lt\/wp-json\/wp\/v2\/comments?post=11390"}],"version-history":[{"count":12,"href":"https:\/\/virunchik.com\/lt\/wp-json\/wp\/v2\/product\/11390\/revisions"}],"predecessor-version":[{"id":14517,"href":"https:\/\/virunchik.com\/lt\/wp-json\/wp\/v2\/product\/11390\/revisions\/14517"}],"wp:featuredmedia":[{"embeddable":true,"href":"https:\/\/virunchik.com\/lt\/wp-json\/wp\/v2\/media\/12504"}],"wp:attachment":[{"href":"https:\/\/virunchik.com\/lt\/wp-json\/wp\/v2\/media?parent=11390"}],"wp:term":[{"taxonomy":"product_brand","embeddable":true,"href":"https:\/\/virunchik.com\/lt\/wp-json\/wp\/v2\/product_brand?post=11390"},{"taxonomy":"product_cat","embeddable":true,"href":"https:\/\/virunchik.com\/lt\/wp-json\/wp\/v2\/product_cat?post=11390"},{"taxonomy":"product_tag","embeddable":true,"href":"https:\/\/virunchik.com\/lt\/wp-json\/wp\/v2\/product_tag?post=11390"}],"curies":[{"name":"wp","href":"https:\/\/api.w.org\/{rel}","templated":true}]}}