{"id":15416,"date":"2025-12-30T18:07:06","date_gmt":"2025-12-30T18:07:06","guid":{"rendered":"https:\/\/virunchik.com\/?post_type=product&#038;p=15416"},"modified":"2026-01-03T08:20:20","modified_gmt":"2026-01-03T08:20:20","slug":"rehearsal-mesh-skirt","status":"publish","type":"product","link":"https:\/\/virunchik.com\/lt\/produktas\/rehearsal-mesh-skirt\/","title":{"rendered":"Repeticij\u0173 Tinklinis Sijonas"},"content":{"rendered":"<p>&nbsp;<\/p>\n<ul data-start=\"591\" data-end=\"721\">\n<li class=\"\" data-start=\"591\" data-end=\"607\">\n<p class=\"\" data-start=\"593\" data-end=\"607\">100% Poliesteris<\/p>\n<\/li>\n<li class=\"\" data-start=\"608\" data-end=\"642\">\n<p class=\"\" data-start=\"610\" data-end=\"642\">Skalbti skalbimo ma\u0161inoje, \u0161velnus re\u017eimas (maks. 40\u00b0C)<\/p>\n<\/li>\n<li class=\"\" data-start=\"643\" data-end=\"678\">\n<p class=\"\" data-start=\"645\" data-end=\"678\">Garinti arba lyginti \u017eemoje temperat\u016broje<\/p>\n<\/li>\n<li class=\"\" data-start=\"679\" data-end=\"721\">\n<p class=\"\" data-start=\"681\" data-end=\"721\">Pasirinktiniai dyd\u017eiai prieinami be papildom\u0173 mokes\u010di\u0173<\/p>\n<\/li>\n<\/ul>\n<p class=\"\" data-start=\"723\" data-end=\"899\">Atid\u017eiai pritaikyti, kad puikiai tikt\u0173, \u0161ie \u0161ortai sukurti jud\u0117ti kartu su jumis daugel\u012f met\u0173.<\/p>\n<p class=\"\" data-start=\"723\" data-end=\"899\"><br data-start=\"819\" data-end=\"822\" \/><em data-start=\"822\" data-end=\"897\">Pra\u0161ome atkreipti d\u0117mes\u012f: spalv\u0173 atspalviai gali \u0161iek tiek skirtis priklausomai nuo ekrano nustatym\u0173.<\/em><\/p>\n<p class=\"\" data-start=\"901\" data-end=\"958\">Pristatymas u\u017esakytoms prek\u0117ms: 1\u20134 savait\u0117s nuo apmok\u0117jimo.<\/p>","protected":false},"excerpt":{"rendered":"<p>Ilgas tinklinis sijonas repeticijoms, skirtas baletui, pagamintas i\u0161 auk\u0161tos kokyb\u0117s audinio ir pasi\u016btas su dideliu kruop\u0161tumu. Jis lengvas, gra\u017eiai krintantis ir puikiai tinka repeticijoms.<\/p>\n<p>I\u0161matavimai:<br \/>\nXXS\/XS: 56 cm priekyje, 66 cm gale<br \/>\nS\/M: 57 cm priekyje, 67 cm gale<br \/>\nL: 56 cm priekyje, 66 cm gale<br \/>\nXL\/XXL: 55 cm priekyje, 65 cm gale<\/p>\n<p>Pasirinkite dyd\u012f pagal savo liemens apimt\u012f.<\/p>\n<p>Each skirt is individually handcrafted, making every piece truly unique.<br \/>\nB\u016bkite i\u0161skirtiniai kartu su Virunchik!<\/p>","protected":false},"featured_media":15425,"comment_status":"closed","ping_status":"closed","template":"","meta":{"om_disable_all_campaigns":false,"_uag_custom_page_level_css":"","_monsterinsights_skip_tracking":false,"_monsterinsights_sitenote_active":false,"_monsterinsights_sitenote_note":"","_monsterinsights_sitenote_category":0,"site-sidebar-layout":"default","site-content-layout":"","ast-site-content-layout":"default","site-content-style":"default","site-sidebar-style":"default","ast-global-header-display":"","ast-banner-title-visibility":"","ast-main-header-display":"","ast-hfb-above-header-display":"","ast-hfb-below-header-display":"","ast-hfb-mobile-header-display":"","site-post-title":"","ast-breadcrumbs-content":"","ast-featured-img":"","footer-sml-layout":"","ast-disable-related-posts":"","theme-transparent-header-meta":"default","adv-header-id-meta":"","stick-header-meta":"","header-above-stick-meta":"","header-main-stick-meta":"","header-below-stick-meta":"","astra-migrate-meta-layouts":"set","ast-page-background-enabled":"default","ast-page-background-meta":{"desktop":{"background-color":"var(--ast-global-color-5)","background-image":"","background-repeat":"repeat","background-position":"center center","background-size":"auto","background-attachment":"scroll","background-type":"","background-media":"","overlay-type":"","overlay-color":"","overlay-opacity":"","overlay-gradient":""},"tablet":{"background-color":"","background-image":"","background-repeat":"repeat","background-position":"center center","background-size":"auto","background-attachment":"scroll","background-type":"","background-media":"","overlay-type":"","overlay-color":"","overlay-opacity":"","overlay-gradient":""},"mobile":{"background-color":"","background-image":"","background-repeat":"repeat","background-position":"center center","background-size":"auto","background-attachment":"scroll","background-type":"","background-media":"","overlay-type":"","overlay-color":"","overlay-opacity":"","overlay-gradient":""}},"ast-content-background-meta":{"desktop":{"background-color":"var(--ast-global-color-4)","background-image":"","background-repeat":"repeat","background-position":"center center","background-size":"auto","background-attachment":"scroll","background-type":"","background-media":"","overlay-type":"","overlay-color":"","overlay-opacity":"","overlay-gradient":""},"tablet":{"background-color":"var(--ast-global-color-4)","background-image":"","background-repeat":"repeat","background-position":"center center","background-size":"auto","background-attachment":"scroll","background-type":"","background-media":"","overlay-type":"","overlay-color":"","overlay-opacity":"","overlay-gradient":""},"mobile":{"background-color":"var(--ast-global-color-4)","background-image":"","background-repeat":"repeat","background-position":"center center","background-size":"auto","background-attachment":"scroll","background-type":"","background-media":"","overlay-type":"","overlay-color":"","overlay-opacity":"","overlay-gradient":""}}},"product_brand":[],"product_cat":[195],"product_tag":[],"class_list":{"0":"post-15416","1":"product","2":"type-product","3":"status-publish","4":"has-post-thumbnail","6":"product_cat-skirts","7":"product_shipping_class-small","8":"desktop-align-center","9":"tablet-align-left","10":"mobile-align-left","12":"first","13":"onbackorder","14":"shipping-taxable","15":"purchasable","16":"product-type-variable"},"aioseo_notices":[],"uagb_featured_image_src":{"full":["https:\/\/virunchik.com\/wp-content\/uploads\/2025\/12\/Bright-Blue-mesh-rehearsal-skirt-1.1.png",1295,1619,false],"thumbnail":["https:\/\/virunchik.com\/wp-content\/uploads\/2025\/12\/Bright-Blue-mesh-rehearsal-skirt-1.1-150x150.png",150,150,true],"medium":["https:\/\/virunchik.com\/wp-content\/uploads\/2025\/12\/Bright-Blue-mesh-rehearsal-skirt-1.1-240x300.png",240,300,true],"medium_large":["https:\/\/virunchik.com\/wp-content\/uploads\/2025\/12\/Bright-Blue-mesh-rehearsal-skirt-1.1-768x960.png",768,960,true],"large":["https:\/\/virunchik.com\/wp-content\/uploads\/2025\/12\/Bright-Blue-mesh-rehearsal-skirt-1.1-819x1024.png",819,1024,true],"1536x1536":["https:\/\/virunchik.com\/wp-content\/uploads\/2025\/12\/Bright-Blue-mesh-rehearsal-skirt-1.1-1229x1536.png",1229,1536,true],"2048x2048":["https:\/\/virunchik.com\/wp-content\/uploads\/2025\/12\/Bright-Blue-mesh-rehearsal-skirt-1.1.png",1295,1619,false],"trp-custom-language-flag":["https:\/\/virunchik.com\/wp-content\/uploads\/2025\/12\/Bright-Blue-mesh-rehearsal-skirt-1.1-10x12.png",10,12,true],"woocommerce_thumbnail":["https:\/\/virunchik.com\/wp-content\/uploads\/2025\/12\/Bright-Blue-mesh-rehearsal-skirt-1.1.png",600,750,false],"woocommerce_single":["https:\/\/virunchik.com\/wp-content\/uploads\/2025\/12\/Bright-Blue-mesh-rehearsal-skirt-1.1.png",600,750,false],"woocommerce_gallery_thumbnail":["https:\/\/virunchik.com\/wp-content\/uploads\/2025\/12\/Bright-Blue-mesh-rehearsal-skirt-1.1-100x100.png",100,100,true],"variation_swatches_image_size":["https:\/\/virunchik.com\/wp-content\/uploads\/2025\/12\/Bright-Blue-mesh-rehearsal-skirt-1.1.png",40,50,false],"variation_swatches_tooltip_size":["https:\/\/virunchik.com\/wp-content\/uploads\/2025\/12\/Bright-Blue-mesh-rehearsal-skirt-1.1.png",80,100,false]},"uagb_author_info":{"display_name":"Vira","author_link":"https:\/\/virunchik.com\/lt\/author\/"},"uagb_comment_info":0,"uagb_excerpt":"Long Rehearsal Mesh Skirt for Ballet\u00a0is made from high-quality fabric and sewn with great care. It\u2019s light, flowing, and perfect for rehearsals. Measurements: XXS\/XS: 56 cm front, 66 cm back S\/M: 57 cm front, 67 cm back L: 56 cm front, 66 cm back XL\/XXL: 55cm front, 65 cm back Select your size based on&hellip;","_links":{"self":[{"href":"https:\/\/virunchik.com\/lt\/wp-json\/wp\/v2\/product\/15416","targetHints":{"allow":["GET"]}}],"collection":[{"href":"https:\/\/virunchik.com\/lt\/wp-json\/wp\/v2\/product"}],"about":[{"href":"https:\/\/virunchik.com\/lt\/wp-json\/wp\/v2\/types\/product"}],"replies":[{"embeddable":true,"href":"https:\/\/virunchik.com\/lt\/wp-json\/wp\/v2\/comments?post=15416"}],"version-history":[{"count":3,"href":"https:\/\/virunchik.com\/lt\/wp-json\/wp\/v2\/product\/15416\/revisions"}],"predecessor-version":[{"id":15535,"href":"https:\/\/virunchik.com\/lt\/wp-json\/wp\/v2\/product\/15416\/revisions\/15535"}],"wp:featuredmedia":[{"embeddable":true,"href":"https:\/\/virunchik.com\/lt\/wp-json\/wp\/v2\/media\/15425"}],"wp:attachment":[{"href":"https:\/\/virunchik.com\/lt\/wp-json\/wp\/v2\/media?parent=15416"}],"wp:term":[{"taxonomy":"product_brand","embeddable":true,"href":"https:\/\/virunchik.com\/lt\/wp-json\/wp\/v2\/product_brand?post=15416"},{"taxonomy":"product_cat","embeddable":true,"href":"https:\/\/virunchik.com\/lt\/wp-json\/wp\/v2\/product_cat?post=15416"},{"taxonomy":"product_tag","embeddable":true,"href":"https:\/\/virunchik.com\/lt\/wp-json\/wp\/v2\/product_tag?post=15416"}],"curies":[{"name":"wp","href":"https:\/\/api.w.org\/{rel}","templated":true}]}}