{"id":16416,"date":"2026-01-11T08:44:10","date_gmt":"2026-01-11T08:44:10","guid":{"rendered":"https:\/\/virunchik.com\/?post_type=product&#038;p=16416"},"modified":"2026-01-11T09:05:14","modified_gmt":"2026-01-11T09:05:14","slug":"classic-mesh-skirt","status":"publish","type":"product","link":"https:\/\/virunchik.com\/lt\/produktas\/classic-mesh-skirt\/","title":{"rendered":"Classic Mesh Skirt"},"content":{"rendered":"<p>100 % polyester. Can be washed in machine only at a delicate mode with a temperature not higher than 40 degrees.<br \/>\nGalima lyginti ir garinti \u017eema temperat\u016bra.<\/p>\n<p>&nbsp;<\/p>\n<p>Jei nerandate tinkamo dyd\u017eio, galite pateikti individual\u0173 u\u017esakym\u0105.<\/p>\n<p>&nbsp;<\/p>\n<p class=\" translation-block\">J\u016bs\u0173 patogumui mes siuvame pagal j\u016bs\u0173 individualius matmenis arba pagal standartin\u0119 dyd\u017ei\u0173 lentel\u0119. Taigi gaunate 2 viename \u2013 puikiai priglundan\u010dius drabu\u017eius ir auk\u0161\u010diausios kokyb\u0117s prek\u0119, kuri tarnaus jums daug met\u0173.<\/p>\n<p>&nbsp;<\/p>\n<p>Med\u017eiagos spalva gali skirtis priklausomai nuo skirting\u0173 monitori\u0173 ir individuali\u0173 nustatym\u0173.<br \/>\n.<\/p>\n<p>&nbsp;<\/p>","protected":false},"excerpt":{"rendered":"<p>Designed for everyday ballet classes. Lightweight mesh allows full freedom of movement and creates a clean, elegant line in motion.<\/p>\n<p>&nbsp;<\/p>\n<p>Each skirt is individually handcrafted, making every piece unique!<\/p>\n<p>&nbsp;<\/p>\n<p><strong>Size guide (length):<\/strong><br \/>\nXXS \u2014 34 cm front \/ 38 cm back<br \/>\nXS \u2014 36 cm front \/ 40 cm back<br \/>\nS \u2014 37 cm front \/ 42 cm back<br \/>\nM \u2014 39 cm front \/ 45 cm back<br \/>\nL \u2014 40 cm front \/ 47 cm back<br \/>\nXL\/XXL \u2014 42 cm front \/ 49 cm back<\/p>\n<p>&nbsp;<\/p>\n<p>Choose your size based on hip measurement.<\/p>\n<p>&nbsp;<\/p>\n<p>Be exceptional with <strong>Virunchik<\/strong>.<\/p>","protected":false},"featured_media":16417,"comment_status":"closed","ping_status":"closed","template":"","meta":{"om_disable_all_campaigns":false,"_uag_custom_page_level_css":"","_monsterinsights_skip_tracking":false,"_monsterinsights_sitenote_active":false,"_monsterinsights_sitenote_note":"","_monsterinsights_sitenote_category":0,"site-sidebar-layout":"default","site-content-layout":"","ast-site-content-layout":"default","site-content-style":"default","site-sidebar-style":"default","ast-global-header-display":"","ast-banner-title-visibility":"","ast-main-header-display":"","ast-hfb-above-header-display":"","ast-hfb-below-header-display":"","ast-hfb-mobile-header-display":"","site-post-title":"","ast-breadcrumbs-content":"","ast-featured-img":"","footer-sml-layout":"","ast-disable-related-posts":"","theme-transparent-header-meta":"default","adv-header-id-meta":"","stick-header-meta":"","header-above-stick-meta":"","header-main-stick-meta":"","header-below-stick-meta":"","astra-migrate-meta-layouts":"set","ast-page-background-enabled":"default","ast-page-background-meta":{"desktop":{"background-color":"var(--ast-global-color-5)","background-image":"","background-repeat":"repeat","background-position":"center center","background-size":"auto","background-attachment":"scroll","background-type":"","background-media":"","overlay-type":"","overlay-color":"","overlay-opacity":"","overlay-gradient":""},"tablet":{"background-color":"","background-image":"","background-repeat":"repeat","background-position":"center center","background-size":"auto","background-attachment":"scroll","background-type":"","background-media":"","overlay-type":"","overlay-color":"","overlay-opacity":"","overlay-gradient":""},"mobile":{"background-color":"","background-image":"","background-repeat":"repeat","background-position":"center center","background-size":"auto","background-attachment":"scroll","background-type":"","background-media":"","overlay-type":"","overlay-color":"","overlay-opacity":"","overlay-gradient":""}},"ast-content-background-meta":{"desktop":{"background-color":"var(--ast-global-color-4)","background-image":"","background-repeat":"repeat","background-position":"center center","background-size":"auto","background-attachment":"scroll","background-type":"","background-media":"","overlay-type":"","overlay-color":"","overlay-opacity":"","overlay-gradient":""},"tablet":{"background-color":"var(--ast-global-color-4)","background-image":"","background-repeat":"repeat","background-position":"center center","background-size":"auto","background-attachment":"scroll","background-type":"","background-media":"","overlay-type":"","overlay-color":"","overlay-opacity":"","overlay-gradient":""},"mobile":{"background-color":"var(--ast-global-color-4)","background-image":"","background-repeat":"repeat","background-position":"center center","background-size":"auto","background-attachment":"scroll","background-type":"","background-media":"","overlay-type":"","overlay-color":"","overlay-opacity":"","overlay-gradient":""}}},"product_brand":[],"product_cat":[195],"product_tag":[],"class_list":{"0":"post-16416","1":"product","2":"type-product","3":"status-publish","4":"has-post-thumbnail","6":"product_cat-skirts","7":"product_shipping_class-small","8":"desktop-align-center","9":"tablet-align-left","10":"mobile-align-left","12":"first","13":"onbackorder","14":"shipping-taxable","15":"purchasable","16":"product-type-variable"},"aioseo_notices":[],"uagb_featured_image_src":{"full":["https:\/\/virunchik.com\/wp-content\/uploads\/2026\/01\/classic-mesh-skirt-2.png",0,0,false],"thumbnail":["https:\/\/virunchik.com\/wp-content\/uploads\/2026\/01\/classic-mesh-skirt-2.png",1,1,false],"medium":["https:\/\/virunchik.com\/wp-content\/uploads\/2026\/01\/classic-mesh-skirt-2.png",1,1,false],"medium_large":["https:\/\/virunchik.com\/wp-content\/uploads\/2026\/01\/classic-mesh-skirt-2.png",1,1,false],"large":["https:\/\/virunchik.com\/wp-content\/uploads\/2026\/01\/classic-mesh-skirt-2.png",1,1,false],"1536x1536":["https:\/\/virunchik.com\/wp-content\/uploads\/2026\/01\/classic-mesh-skirt-2.png",1,1,false],"2048x2048":["https:\/\/virunchik.com\/wp-content\/uploads\/2026\/01\/classic-mesh-skirt-2.png",1,1,false],"trp-custom-language-flag":["https:\/\/virunchik.com\/wp-content\/uploads\/2026\/01\/classic-mesh-skirt-2.png",1,1,false],"woocommerce_thumbnail":["https:\/\/virunchik.com\/wp-content\/uploads\/2026\/01\/classic-mesh-skirt-2.png",1,1,false],"woocommerce_single":["https:\/\/virunchik.com\/wp-content\/uploads\/2026\/01\/classic-mesh-skirt-2.png",1,1,false],"woocommerce_gallery_thumbnail":["https:\/\/virunchik.com\/wp-content\/uploads\/2026\/01\/classic-mesh-skirt-2.png",1,1,false],"variation_swatches_image_size":["https:\/\/virunchik.com\/wp-content\/uploads\/2026\/01\/classic-mesh-skirt-2.png",1,1,false],"variation_swatches_tooltip_size":["https:\/\/virunchik.com\/wp-content\/uploads\/2026\/01\/classic-mesh-skirt-2.png",1,1,false]},"uagb_author_info":{"display_name":"Vira","author_link":"https:\/\/virunchik.com\/lt\/author\/"},"uagb_comment_info":0,"uagb_excerpt":"Designed for everyday ballet classes. Lightweight mesh allows full freedom of movement and creates a clean, elegant line in motion. &nbsp; Each skirt is individually handcrafted, making every piece unique! &nbsp; Size guide (length): XXS \u2014 34 cm front \/ 38 cm back XS \u2014 36 cm front \/ 40 cm back S \u2014 37&hellip;","_links":{"self":[{"href":"https:\/\/virunchik.com\/lt\/wp-json\/wp\/v2\/product\/16416","targetHints":{"allow":["GET"]}}],"collection":[{"href":"https:\/\/virunchik.com\/lt\/wp-json\/wp\/v2\/product"}],"about":[{"href":"https:\/\/virunchik.com\/lt\/wp-json\/wp\/v2\/types\/product"}],"replies":[{"embeddable":true,"href":"https:\/\/virunchik.com\/lt\/wp-json\/wp\/v2\/comments?post=16416"}],"version-history":[{"count":5,"href":"https:\/\/virunchik.com\/lt\/wp-json\/wp\/v2\/product\/16416\/revisions"}],"predecessor-version":[{"id":16495,"href":"https:\/\/virunchik.com\/lt\/wp-json\/wp\/v2\/product\/16416\/revisions\/16495"}],"wp:featuredmedia":[{"embeddable":true,"href":"https:\/\/virunchik.com\/lt\/wp-json\/wp\/v2\/media\/16417"}],"wp:attachment":[{"href":"https:\/\/virunchik.com\/lt\/wp-json\/wp\/v2\/media?parent=16416"}],"wp:term":[{"taxonomy":"product_brand","embeddable":true,"href":"https:\/\/virunchik.com\/lt\/wp-json\/wp\/v2\/product_brand?post=16416"},{"taxonomy":"product_cat","embeddable":true,"href":"https:\/\/virunchik.com\/lt\/wp-json\/wp\/v2\/product_cat?post=16416"},{"taxonomy":"product_tag","embeddable":true,"href":"https:\/\/virunchik.com\/lt\/wp-json\/wp\/v2\/product_tag?post=16416"}],"curies":[{"name":"wp","href":"https:\/\/api.w.org\/{rel}","templated":true}]}}