{"id":2074,"date":"2024-04-18T07:38:27","date_gmt":"2024-04-18T07:38:27","guid":{"rendered":"https:\/\/virunchik.com\/?post_type=product&#038;p=2074"},"modified":"2026-01-03T08:25:39","modified_gmt":"2026-01-03T08:25:39","slug":"warm-up-shorts","status":"publish","type":"product","link":"https:\/\/virunchik.com\/lt\/produktas\/warm-up-shorts\/","title":{"rendered":"Ap\u0161ilimo \u0160ortai"},"content":{"rendered":"<ul data-start=\"591\" data-end=\"721\">\n<li class=\"\" data-start=\"591\" data-end=\"607\">\n<p class=\"\" data-start=\"593\" data-end=\"607\">100% Poliesteris<\/p>\n<\/li>\n<li class=\"\" data-start=\"608\" data-end=\"642\">\n<p class=\"\" data-start=\"610\" data-end=\"642\">Skalbti skalbimo ma\u0161inoje, \u0161velnus re\u017eimas (maks. 40\u00b0C)<\/p>\n<\/li>\n<li class=\"\" data-start=\"643\" data-end=\"678\">\n<p class=\"\" data-start=\"645\" data-end=\"678\">Garinti arba lyginti \u017eemoje temperat\u016broje<\/p>\n<\/li>\n<li class=\"\" data-start=\"679\" data-end=\"721\">\n<p class=\"\" data-start=\"681\" data-end=\"721\">Pasirinktiniai dyd\u017eiai prieinami be papildom\u0173 mokes\u010di\u0173<\/p>\n<\/li>\n<\/ul>\n<p class=\"\" data-start=\"723\" data-end=\"899\">Atid\u017eiai pritaikyti, kad puikiai tikt\u0173, \u0161ie \u0161ortai sukurti jud\u0117ti kartu su jumis daugel\u012f met\u0173.<\/p>\n<p class=\"\" data-start=\"723\" data-end=\"899\"><br data-start=\"819\" data-end=\"822\" \/><em data-start=\"822\" data-end=\"897\">Pra\u0161ome atkreipti d\u0117mes\u012f: spalv\u0173 atspalviai gali \u0161iek tiek skirtis priklausomai nuo ekrano nustatym\u0173.<\/em><\/p>\n<p class=\"\" data-start=\"901\" data-end=\"958\">Pristatymas u\u017esakytoms prek\u0117ms: 1\u20134 savait\u0117s nuo apmok\u0117jimo.<\/p>","protected":false},"excerpt":{"rendered":"<p style=\"text-align: left;\">\u0160ie tiesaus kirpimo \u0161ortai yra lengvi ir patog\u016bs \u2013 puikiai tinka j\u016bs\u0173 kasdienei \u0161oki\u0173 rutinai.<\/p>\n<p style=\"text-align: left;\">Pagaminti i\u0161 greitai d\u017ei\u016bstan\u010dios med\u017eiagos ir turi plat\u0173 tampr\u0173 juosmen\u012f.<\/p>\n<p>Patikrinkite \u0161ort\u0173 dyd\u012f ir ilg\u012f m\u016bs\u0173 dyd\u017ei\u0173 lentel\u0117je. Jei nor\u0117tum\u0117te kitokio ilgio, pra\u0161ome tai nurodyti atsiskaitydami.<\/p>\n<p>&nbsp;<\/p>\n<p style=\"text-align: left;\">Pasirinkite savo m\u0117gstam\u0105 spalv\u0105 ir eikite link savo tiksl\u0173 kartu su mumis!<\/p>","protected":false},"featured_media":12506,"comment_status":"closed","ping_status":"closed","template":"","meta":{"om_disable_all_campaigns":false,"_uag_custom_page_level_css":"","_monsterinsights_skip_tracking":false,"_monsterinsights_sitenote_active":false,"_monsterinsights_sitenote_note":"","_monsterinsights_sitenote_category":0,"site-sidebar-layout":"default","site-content-layout":"","ast-site-content-layout":"default","site-content-style":"default","site-sidebar-style":"default","ast-global-header-display":"","ast-banner-title-visibility":"","ast-main-header-display":"","ast-hfb-above-header-display":"","ast-hfb-below-header-display":"","ast-hfb-mobile-header-display":"","site-post-title":"","ast-breadcrumbs-content":"","ast-featured-img":"","footer-sml-layout":"","theme-transparent-header-meta":"default","adv-header-id-meta":"","stick-header-meta":"","header-above-stick-meta":"","header-main-stick-meta":"","header-below-stick-meta":"","astra-migrate-meta-layouts":"set","ast-page-background-enabled":"default","ast-page-background-meta":{"desktop":{"background-color":"var(--ast-global-color-4)","background-image":"","background-repeat":"repeat","background-position":"center center","background-size":"auto","background-attachment":"scroll","background-type":"","background-media":"","overlay-type":"","overlay-color":"","overlay-opacity":"","overlay-gradient":""},"tablet":{"background-color":"","background-image":"","background-repeat":"repeat","background-position":"center center","background-size":"auto","background-attachment":"scroll","background-type":"","background-media":"","overlay-type":"","overlay-color":"","overlay-opacity":"","overlay-gradient":""},"mobile":{"background-color":"","background-image":"","background-repeat":"repeat","background-position":"center center","background-size":"auto","background-attachment":"scroll","background-type":"","background-media":"","overlay-type":"","overlay-color":"","overlay-opacity":"","overlay-gradient":""}},"ast-content-background-meta":{"desktop":{"background-color":"var(--ast-global-color-5)","background-image":"","background-repeat":"repeat","background-position":"center center","background-size":"auto","background-attachment":"scroll","background-type":"","background-media":"","overlay-type":"","overlay-color":"","overlay-opacity":"","overlay-gradient":""},"tablet":{"background-color":"var(--ast-global-color-5)","background-image":"","background-repeat":"repeat","background-position":"center center","background-size":"auto","background-attachment":"scroll","background-type":"","background-media":"","overlay-type":"","overlay-color":"","overlay-opacity":"","overlay-gradient":""},"mobile":{"background-color":"var(--ast-global-color-5)","background-image":"","background-repeat":"repeat","background-position":"center center","background-size":"auto","background-attachment":"scroll","background-type":"","background-media":"","overlay-type":"","overlay-color":"","overlay-opacity":"","overlay-gradient":""}}},"product_brand":[],"product_cat":[194],"product_tag":[],"class_list":{"0":"post-2074","1":"product","2":"type-product","3":"status-publish","4":"has-post-thumbnail","6":"product_cat-warm-up-clothes","7":"product_shipping_class-small","8":"desktop-align-center","9":"tablet-align-left","10":"mobile-align-left","12":"first","13":"instock","14":"shipping-taxable","15":"purchasable","16":"product-type-variable"},"aioseo_notices":[],"uagb_featured_image_src":{"full":["https:\/\/virunchik.com\/wp-content\/uploads\/2024\/04\/Violet-shorts-1-1.png",1109,1387,false],"thumbnail":["https:\/\/virunchik.com\/wp-content\/uploads\/2024\/04\/Violet-shorts-1-1-150x150.png",150,150,true],"medium":["https:\/\/virunchik.com\/wp-content\/uploads\/2024\/04\/Violet-shorts-1-1-240x300.png",240,300,true],"medium_large":["https:\/\/virunchik.com\/wp-content\/uploads\/2024\/04\/Violet-shorts-1-1-768x961.png",768,961,true],"large":["https:\/\/virunchik.com\/wp-content\/uploads\/2024\/04\/Violet-shorts-1-1-819x1024.png",819,1024,true],"1536x1536":["https:\/\/virunchik.com\/wp-content\/uploads\/2024\/04\/Violet-shorts-1-1.png",1109,1387,false],"2048x2048":["https:\/\/virunchik.com\/wp-content\/uploads\/2024\/04\/Violet-shorts-1-1.png",1109,1387,false],"trp-custom-language-flag":["https:\/\/virunchik.com\/wp-content\/uploads\/2024\/04\/Violet-shorts-1-1-10x12.png",10,12,true],"woocommerce_thumbnail":["https:\/\/virunchik.com\/wp-content\/uploads\/2024\/04\/Violet-shorts-1-1-600x750.png",600,750,true],"woocommerce_single":["https:\/\/virunchik.com\/wp-content\/uploads\/2024\/04\/Violet-shorts-1-1-600x750.png",600,750,true],"woocommerce_gallery_thumbnail":["https:\/\/virunchik.com\/wp-content\/uploads\/2024\/04\/Violet-shorts-1-1-100x100.png",100,100,true],"variation_swatches_image_size":["https:\/\/virunchik.com\/wp-content\/uploads\/2024\/04\/Violet-shorts-1-1-50x50.png",50,50,true],"variation_swatches_tooltip_size":["https:\/\/virunchik.com\/wp-content\/uploads\/2024\/04\/Violet-shorts-1-1-100x100.png",100,100,true]},"uagb_author_info":{"display_name":"Vira","author_link":"https:\/\/virunchik.com\/lt\/author\/"},"uagb_comment_info":0,"uagb_excerpt":"These straight-cut shorts are light and comfortable, perfect for your daily dancing routine. Made from quick dry material and have a wide elastic band on the waist. Check the size and length of the shorts in our Size Chart. If you would like to have a different length, please, make a note while checking out.&hellip;","_links":{"self":[{"href":"https:\/\/virunchik.com\/lt\/wp-json\/wp\/v2\/product\/2074","targetHints":{"allow":["GET"]}}],"collection":[{"href":"https:\/\/virunchik.com\/lt\/wp-json\/wp\/v2\/product"}],"about":[{"href":"https:\/\/virunchik.com\/lt\/wp-json\/wp\/v2\/types\/product"}],"replies":[{"embeddable":true,"href":"https:\/\/virunchik.com\/lt\/wp-json\/wp\/v2\/comments?post=2074"}],"version-history":[{"count":5,"href":"https:\/\/virunchik.com\/lt\/wp-json\/wp\/v2\/product\/2074\/revisions"}],"predecessor-version":[{"id":13128,"href":"https:\/\/virunchik.com\/lt\/wp-json\/wp\/v2\/product\/2074\/revisions\/13128"}],"wp:featuredmedia":[{"embeddable":true,"href":"https:\/\/virunchik.com\/lt\/wp-json\/wp\/v2\/media\/12506"}],"wp:attachment":[{"href":"https:\/\/virunchik.com\/lt\/wp-json\/wp\/v2\/media?parent=2074"}],"wp:term":[{"taxonomy":"product_brand","embeddable":true,"href":"https:\/\/virunchik.com\/lt\/wp-json\/wp\/v2\/product_brand?post=2074"},{"taxonomy":"product_cat","embeddable":true,"href":"https:\/\/virunchik.com\/lt\/wp-json\/wp\/v2\/product_cat?post=2074"},{"taxonomy":"product_tag","embeddable":true,"href":"https:\/\/virunchik.com\/lt\/wp-json\/wp\/v2\/product_tag?post=2074"}],"curies":[{"name":"wp","href":"https:\/\/api.w.org\/{rel}","templated":true}]}}