{"id":6235,"date":"2024-04-28T12:48:20","date_gmt":"2024-04-28T12:48:20","guid":{"rendered":"https:\/\/virunchik.com\/?post_type=product&#038;p=6235"},"modified":"2026-03-11T08:46:41","modified_gmt":"2026-03-11T08:46:41","slug":"warm-up-jacket-2","status":"publish","type":"product","link":"https:\/\/virunchik.com\/lt\/produktas\/warm-up-jacket-2\/","title":{"rendered":"Ap\u0161ilimo Striuk\u0117"},"content":{"rendered":"<p data-start=\"161\" data-end=\"248\">Galite pasirinkti \u0161varko ilg\u012f (\u012fskaitant apykakl\u0119): <strong data-start=\"218\" data-end=\"247\">50 \/ 55 \/ 60 \/ 65 \/ 70 cm<\/strong>.<\/p>\n<p data-start=\"250\" data-end=\"336\" class=\" translation-block\">Pra\u0161ome nurodyti pageidaujam\u0105 ilg\u012f <strong>\u201ePastab\u0173\u201c<\/strong> laukelyje pateikiant u\u017esakym\u0105.<\/p>\n<p data-start=\"338\" data-end=\"430\" class=\" translation-block\">Jei ilgis nebus nurodytas, \u0161varkas bus pagamintas pagal <strong>standartin\u0119 dyd\u017ei\u0173 lentel\u0119<\/strong>:<\/p>\n<p data-start=\"434\" data-end=\"456\"><strong data-start=\"434\" data-end=\"454\">XXS \/ XS \u2014 60 cm<\/strong><\/p>\n<p data-start=\"459\" data-end=\"491\"><strong data-start=\"459\" data-end=\"491\">S \/ M \/ L \/ XL \/ XXL \u2014 65 cm<\/strong><\/p>\n<p>&nbsp;<\/p>\n<ul data-start=\"591\" data-end=\"721\">\n<li class=\"\" data-start=\"591\" data-end=\"607\">\n<p class=\"\" data-start=\"593\" data-end=\"607\">100% Poliesteris<\/p>\n<\/li>\n<li class=\"\" data-start=\"608\" data-end=\"642\">\n<p class=\"\" data-start=\"610\" data-end=\"642\">Skalbti skalbimo ma\u0161inoje, \u0161velnus re\u017eimas (maks. 40\u00b0C)<\/p>\n<\/li>\n<li class=\"\" data-start=\"643\" data-end=\"678\">\n<p class=\"\" data-start=\"645\" data-end=\"678\">Garinti arba lyginti \u017eemoje temperat\u016broje<\/p>\n<\/li>\n<li class=\"\" data-start=\"679\" data-end=\"721\">\n<p class=\"\" data-start=\"681\" data-end=\"721\">Pasirinktiniai dyd\u017eiai prieinami be papildom\u0173 mokes\u010di\u0173<\/p>\n<\/li>\n<\/ul>\n<p class=\"\" data-start=\"723\" data-end=\"899\"><br data-start=\"819\" data-end=\"822\" \/><em data-start=\"822\" data-end=\"897\">Pra\u0161ome atkreipti d\u0117mes\u012f: spalv\u0173 atspalviai gali \u0161iek tiek skirtis priklausomai nuo ekrano nustatym\u0173.<\/em><\/p>\n<p class=\"\" data-start=\"901\" data-end=\"958\">Pristatymas u\u017esakytoms prek\u0117ms: 1\u20134 savait\u0117s nuo apmok\u0117jimo.<\/p>","protected":false},"excerpt":{"rendered":"<p>Ap\u0161ilimo striuk\u0117 skirta i\u0161laikyti j\u016bs\u0173 k\u016bn\u0105 \u0161ilt\u0105, d\u0117ka med\u017eiagos savybi\u0173 \u2013 tai geriausias pagalbininkas greitam ap\u0161ilimui ir kelion\u0117ms teatre ar mokykloje nuo persirengimo kambario iki \u0161oki\u0173 studijos.<\/p>\n<p>&nbsp;<\/p>\n<p>Ji turi elastingas rankovi\u0173 juostas ir elasting\u0105 juost\u0105 su u\u017esegimais apa\u010dioje, leid\u017eian\u010di\u0105 reguliuoti oro sraut\u0105, kuris pateks vidun, ir pritaikyti striuk\u0117s form\u0105.<\/p>\n<p>Turite galimyb\u0119 prie savo striuk\u0117s prid\u0117ti ki\u0161enes. (Pasirinkite kit\u0105 prek\u0119.)<\/p>\n<p>&nbsp;<\/p>","protected":false},"featured_media":6157,"comment_status":"closed","ping_status":"closed","template":"","meta":{"om_disable_all_campaigns":false,"_uag_custom_page_level_css":"","_monsterinsights_skip_tracking":false,"_monsterinsights_sitenote_active":false,"_monsterinsights_sitenote_note":"","_monsterinsights_sitenote_category":0,"site-sidebar-layout":"default","site-content-layout":"","ast-site-content-layout":"default","site-content-style":"default","site-sidebar-style":"default","ast-global-header-display":"","ast-banner-title-visibility":"","ast-main-header-display":"","ast-hfb-above-header-display":"","ast-hfb-below-header-display":"","ast-hfb-mobile-header-display":"","site-post-title":"","ast-breadcrumbs-content":"","ast-featured-img":"","footer-sml-layout":"","theme-transparent-header-meta":"default","adv-header-id-meta":"","stick-header-meta":"","header-above-stick-meta":"","header-main-stick-meta":"","header-below-stick-meta":"","astra-migrate-meta-layouts":"set","ast-page-background-enabled":"default","ast-page-background-meta":{"desktop":{"background-color":"var(--ast-global-color-4)","background-image":"","background-repeat":"repeat","background-position":"center center","background-size":"auto","background-attachment":"scroll","background-type":"","background-media":"","overlay-type":"","overlay-color":"","overlay-opacity":"","overlay-gradient":""},"tablet":{"background-color":"","background-image":"","background-repeat":"repeat","background-position":"center center","background-size":"auto","background-attachment":"scroll","background-type":"","background-media":"","overlay-type":"","overlay-color":"","overlay-opacity":"","overlay-gradient":""},"mobile":{"background-color":"","background-image":"","background-repeat":"repeat","background-position":"center center","background-size":"auto","background-attachment":"scroll","background-type":"","background-media":"","overlay-type":"","overlay-color":"","overlay-opacity":"","overlay-gradient":""}},"ast-content-background-meta":{"desktop":{"background-color":"var(--ast-global-color-5)","background-image":"","background-repeat":"repeat","background-position":"center center","background-size":"auto","background-attachment":"scroll","background-type":"","background-media":"","overlay-type":"","overlay-color":"","overlay-opacity":"","overlay-gradient":""},"tablet":{"background-color":"var(--ast-global-color-5)","background-image":"","background-repeat":"repeat","background-position":"center center","background-size":"auto","background-attachment":"scroll","background-type":"","background-media":"","overlay-type":"","overlay-color":"","overlay-opacity":"","overlay-gradient":""},"mobile":{"background-color":"var(--ast-global-color-5)","background-image":"","background-repeat":"repeat","background-position":"center center","background-size":"auto","background-attachment":"scroll","background-type":"","background-media":"","overlay-type":"","overlay-color":"","overlay-opacity":"","overlay-gradient":""}}},"product_brand":[],"product_cat":[194],"product_tag":[],"class_list":{"0":"post-6235","1":"product","2":"type-product","3":"status-publish","4":"has-post-thumbnail","6":"product_cat-warm-up-clothes","7":"product_shipping_class-small","8":"desktop-align-center","9":"tablet-align-left","10":"mobile-align-left","12":"first","13":"onbackorder","14":"shipping-taxable","15":"purchasable","16":"product-type-variable"},"aioseo_notices":[],"uagb_featured_image_src":{"full":["https:\/\/virunchik.com\/wp-content\/uploads\/2024\/04\/l-violet-1-costume.png",2725,3406,false],"thumbnail":["https:\/\/virunchik.com\/wp-content\/uploads\/2024\/04\/l-violet-1-costume-150x150.png",150,150,true],"medium":["https:\/\/virunchik.com\/wp-content\/uploads\/2024\/04\/l-violet-1-costume-240x300.png",240,300,true],"medium_large":["https:\/\/virunchik.com\/wp-content\/uploads\/2024\/04\/l-violet-1-costume-768x960.png",768,960,true],"large":["https:\/\/virunchik.com\/wp-content\/uploads\/2024\/04\/l-violet-1-costume-819x1024.png",819,1024,true],"1536x1536":["https:\/\/virunchik.com\/wp-content\/uploads\/2024\/04\/l-violet-1-costume-1229x1536.png",1229,1536,true],"2048x2048":["https:\/\/virunchik.com\/wp-content\/uploads\/2024\/04\/l-violet-1-costume-1639x2048.png",1639,2048,true],"trp-custom-language-flag":["https:\/\/virunchik.com\/wp-content\/uploads\/2024\/04\/l-violet-1-costume.png",10,12,false],"woocommerce_thumbnail":["https:\/\/virunchik.com\/wp-content\/uploads\/2024\/04\/l-violet-1-costume-600x750.png",600,750,true],"woocommerce_single":["https:\/\/virunchik.com\/wp-content\/uploads\/2024\/04\/l-violet-1-costume-600x750.png",600,750,true],"woocommerce_gallery_thumbnail":["https:\/\/virunchik.com\/wp-content\/uploads\/2024\/04\/l-violet-1-costume-100x100.png",100,100,true],"variation_swatches_image_size":["https:\/\/virunchik.com\/wp-content\/uploads\/2024\/04\/l-violet-1-costume-50x50.png",50,50,true],"variation_swatches_tooltip_size":["https:\/\/virunchik.com\/wp-content\/uploads\/2024\/04\/l-violet-1-costume-100x100.png",100,100,true]},"uagb_author_info":{"display_name":"Vira","author_link":"https:\/\/virunchik.com\/lt\/author\/"},"uagb_comment_info":0,"uagb_excerpt":"The Warm-up Jacket is made to keep your body warm, thanks to the properties of the material \u2013 it is the best helper in quick warm-up and travelling in theatre or school from dressing room to dance studio. &nbsp; It has elastic cuffs on the arms and an elastic band with fasteners at the bottom.&hellip;","_links":{"self":[{"href":"https:\/\/virunchik.com\/lt\/wp-json\/wp\/v2\/product\/6235","targetHints":{"allow":["GET"]}}],"collection":[{"href":"https:\/\/virunchik.com\/lt\/wp-json\/wp\/v2\/product"}],"about":[{"href":"https:\/\/virunchik.com\/lt\/wp-json\/wp\/v2\/types\/product"}],"replies":[{"embeddable":true,"href":"https:\/\/virunchik.com\/lt\/wp-json\/wp\/v2\/comments?post=6235"}],"version-history":[{"count":10,"href":"https:\/\/virunchik.com\/lt\/wp-json\/wp\/v2\/product\/6235\/revisions"}],"predecessor-version":[{"id":16834,"href":"https:\/\/virunchik.com\/lt\/wp-json\/wp\/v2\/product\/6235\/revisions\/16834"}],"wp:featuredmedia":[{"embeddable":true,"href":"https:\/\/virunchik.com\/lt\/wp-json\/wp\/v2\/media\/6157"}],"wp:attachment":[{"href":"https:\/\/virunchik.com\/lt\/wp-json\/wp\/v2\/media?parent=6235"}],"wp:term":[{"taxonomy":"product_brand","embeddable":true,"href":"https:\/\/virunchik.com\/lt\/wp-json\/wp\/v2\/product_brand?post=6235"},{"taxonomy":"product_cat","embeddable":true,"href":"https:\/\/virunchik.com\/lt\/wp-json\/wp\/v2\/product_cat?post=6235"},{"taxonomy":"product_tag","embeddable":true,"href":"https:\/\/virunchik.com\/lt\/wp-json\/wp\/v2\/product_tag?post=6235"}],"curies":[{"name":"wp","href":"https:\/\/api.w.org\/{rel}","templated":true}]}}