{"id":8250,"date":"2024-05-31T16:50:44","date_gmt":"2024-05-31T16:50:44","guid":{"rendered":"https:\/\/virunchik.com\/?post_type=product&#038;p=8250"},"modified":"2026-01-13T09:46:29","modified_gmt":"2026-01-13T09:46:29","slug":"boat-neck-leotard","status":"publish","type":"product","link":"https:\/\/virunchik.com\/lt\/produktas\/boat-neck-leotard\/","title":{"rendered":"Laiv\u0117s Linijos Bodis"},"content":{"rendered":"<ul data-start=\"591\" data-end=\"721\">\n<li class=\"\" data-start=\"591\" data-end=\"607\">\n<p class=\"\" data-start=\"593\" data-end=\"607\">100% Poliesteris<\/p>\n<\/li>\n<li class=\"\" data-start=\"608\" data-end=\"642\">\n<p class=\"\" data-start=\"610\" data-end=\"642\">Skalbti skalbimo ma\u0161inoje, \u0161velnus re\u017eimas (maks. 40\u00b0C)<\/p>\n<\/li>\n<li class=\"\" data-start=\"643\" data-end=\"678\">\n<p class=\"\" data-start=\"645\" data-end=\"678\">Garinti arba lyginti \u017eemoje temperat\u016broje<\/p>\n<\/li>\n<li class=\"\" data-start=\"679\" data-end=\"721\">\n<p class=\"\" data-start=\"681\" data-end=\"721\">Pasirinktiniai dyd\u017eiai prieinami be papildom\u0173 mokes\u010di\u0173<\/p>\n<\/li>\n<\/ul>\n<p class=\"\" data-start=\"723\" data-end=\"899\"><br data-start=\"819\" data-end=\"822\" \/><em data-start=\"822\" data-end=\"897\">Pra\u0161ome atkreipti d\u0117mes\u012f: spalv\u0173 atspalviai gali \u0161iek tiek skirtis priklausomai nuo ekrano nustatym\u0173.<\/em><\/p>\n<p class=\"\" data-start=\"901\" data-end=\"958\">Pristatymas u\u017esakytoms prek\u0117ms: 1\u2013 4 savait\u0117s nuo apmok\u0117jimo.<\/p>","protected":false},"excerpt":{"rendered":"<p class=\"\" data-start=\"105\" data-end=\"412\">\u00a0 \u00a0 Eleganti\u0161ka laivelio formos i\u0161kirpt\u0117 pary\u0161kina kr\u016btin\u0119, o gilus i\u0161kirpimas nugaroje gra\u017eiai i\u0161ry\u0161kina siluet\u0105. Bodis turi kr\u016btin\u0117s palaikym\u0105 ir yra pagamintas i\u0161 auk\u0161\u010diausios kokyb\u0117s, mink\u0161tos ir tamprios med\u017eiagos. Med\u017eiaga lengvai skalbiasi ir greitai d\u017ei\u016bsta.<\/p>\n<p class=\"\" data-start=\"414\" data-end=\"491\">\u00a0 \u00a0 Patirkite \u0161okio lengvum\u0105 ir elegancij\u0105 su vienu i\u0161 m\u016bs\u0173 populiariausi\u0173 bod\u017ei\u0173!<\/p>\n<p>&nbsp;<\/p>\n<p>&nbsp;<\/p>\n<p>&nbsp;<\/p>","protected":false},"featured_media":8253,"comment_status":"closed","ping_status":"closed","template":"","meta":{"om_disable_all_campaigns":false,"_uag_custom_page_level_css":"","_monsterinsights_skip_tracking":false,"_monsterinsights_sitenote_active":false,"_monsterinsights_sitenote_note":"","_monsterinsights_sitenote_category":0,"site-sidebar-layout":"default","site-content-layout":"","ast-site-content-layout":"default","site-content-style":"default","site-sidebar-style":"default","ast-global-header-display":"","ast-banner-title-visibility":"","ast-main-header-display":"","ast-hfb-above-header-display":"","ast-hfb-below-header-display":"","ast-hfb-mobile-header-display":"","site-post-title":"","ast-breadcrumbs-content":"","ast-featured-img":"","footer-sml-layout":"","theme-transparent-header-meta":"default","adv-header-id-meta":"","stick-header-meta":"","header-above-stick-meta":"","header-main-stick-meta":"","header-below-stick-meta":"","astra-migrate-meta-layouts":"set","ast-page-background-enabled":"default","ast-page-background-meta":{"desktop":{"background-color":"var(--ast-global-color-4)","background-image":"","background-repeat":"repeat","background-position":"center center","background-size":"auto","background-attachment":"scroll","background-type":"","background-media":"","overlay-type":"","overlay-color":"","overlay-opacity":"","overlay-gradient":""},"tablet":{"background-color":"","background-image":"","background-repeat":"repeat","background-position":"center center","background-size":"auto","background-attachment":"scroll","background-type":"","background-media":"","overlay-type":"","overlay-color":"","overlay-opacity":"","overlay-gradient":""},"mobile":{"background-color":"","background-image":"","background-repeat":"repeat","background-position":"center center","background-size":"auto","background-attachment":"scroll","background-type":"","background-media":"","overlay-type":"","overlay-color":"","overlay-opacity":"","overlay-gradient":""}},"ast-content-background-meta":{"desktop":{"background-color":"var(--ast-global-color-5)","background-image":"","background-repeat":"repeat","background-position":"center center","background-size":"auto","background-attachment":"scroll","background-type":"","background-media":"","overlay-type":"","overlay-color":"","overlay-opacity":"","overlay-gradient":""},"tablet":{"background-color":"var(--ast-global-color-5)","background-image":"","background-repeat":"repeat","background-position":"center center","background-size":"auto","background-attachment":"scroll","background-type":"","background-media":"","overlay-type":"","overlay-color":"","overlay-opacity":"","overlay-gradient":""},"mobile":{"background-color":"var(--ast-global-color-5)","background-image":"","background-repeat":"repeat","background-position":"center center","background-size":"auto","background-attachment":"scroll","background-type":"","background-media":"","overlay-type":"","overlay-color":"","overlay-opacity":"","overlay-gradient":""}}},"product_brand":[],"product_cat":[196],"product_tag":[],"class_list":{"0":"post-8250","1":"product","2":"type-product","3":"status-publish","4":"has-post-thumbnail","6":"product_cat-leotards","7":"pa_colour-leotard-black","8":"pa_colour-leotard-bright-blue","9":"pa_colour-leotard-bright-pink","10":"pa_colour-leotard-dark-blue","11":"pa_colour-leotard-green","12":"pa_colour-leotard-grey","13":"pa_colour-leotard-light-blue","14":"pa_colour-leotard-light-violet","15":"pa_colour-leotard-marsala","16":"pa_colour-leotard-red","17":"pa_colour-leotard-rose","18":"pa_colour-leotard-violet","19":"desktop-align-center","20":"tablet-align-left","21":"mobile-align-left","23":"first","24":"onbackorder","25":"shipping-taxable","26":"purchasable","27":"product-type-variable"},"aioseo_notices":[],"uagb_featured_image_src":{"full":["https:\/\/virunchik.com\/wp-content\/uploads\/2024\/05\/boat-3.png",2724,3405,false],"thumbnail":["https:\/\/virunchik.com\/wp-content\/uploads\/2024\/05\/boat-3-150x150.png",150,150,true],"medium":["https:\/\/virunchik.com\/wp-content\/uploads\/2024\/05\/boat-3-240x300.png",240,300,true],"medium_large":["https:\/\/virunchik.com\/wp-content\/uploads\/2024\/05\/boat-3-768x960.png",768,960,true],"large":["https:\/\/virunchik.com\/wp-content\/uploads\/2024\/05\/boat-3-819x1024.png",819,1024,true],"1536x1536":["https:\/\/virunchik.com\/wp-content\/uploads\/2024\/05\/boat-3-1229x1536.png",1229,1536,true],"2048x2048":["https:\/\/virunchik.com\/wp-content\/uploads\/2024\/05\/boat-3-1638x2048.png",1638,2048,true],"trp-custom-language-flag":["https:\/\/virunchik.com\/wp-content\/uploads\/2024\/05\/boat-3.png",10,12,false],"woocommerce_thumbnail":["https:\/\/virunchik.com\/wp-content\/uploads\/2024\/05\/boat-3-600x750.png",600,750,true],"woocommerce_single":["https:\/\/virunchik.com\/wp-content\/uploads\/2024\/05\/boat-3-600x750.png",600,750,true],"woocommerce_gallery_thumbnail":["https:\/\/virunchik.com\/wp-content\/uploads\/2024\/05\/boat-3-100x100.png",100,100,true],"variation_swatches_image_size":["https:\/\/virunchik.com\/wp-content\/uploads\/2024\/05\/boat-3-50x50.png",50,50,true],"variation_swatches_tooltip_size":["https:\/\/virunchik.com\/wp-content\/uploads\/2024\/05\/boat-3-100x100.png",100,100,true]},"uagb_author_info":{"display_name":"Vira","author_link":"https:\/\/virunchik.com\/lt\/author\/"},"uagb_comment_info":0,"uagb_excerpt":"\u00a0 \u00a0 This Leotard has an elegant boat neckline that enhances the chest, while the deep back cut beautifully showcases the back. Designed for comfort, it provides excellent chest support and is crafted from the\u00a0 soft and stretchy fabric. The material is easy to care for, washing and drying quickly. \u00a0 \u00a0 Experience the ease&hellip;","_links":{"self":[{"href":"https:\/\/virunchik.com\/lt\/wp-json\/wp\/v2\/product\/8250","targetHints":{"allow":["GET"]}}],"collection":[{"href":"https:\/\/virunchik.com\/lt\/wp-json\/wp\/v2\/product"}],"about":[{"href":"https:\/\/virunchik.com\/lt\/wp-json\/wp\/v2\/types\/product"}],"replies":[{"embeddable":true,"href":"https:\/\/virunchik.com\/lt\/wp-json\/wp\/v2\/comments?post=8250"}],"version-history":[{"count":9,"href":"https:\/\/virunchik.com\/lt\/wp-json\/wp\/v2\/product\/8250\/revisions"}],"predecessor-version":[{"id":12927,"href":"https:\/\/virunchik.com\/lt\/wp-json\/wp\/v2\/product\/8250\/revisions\/12927"}],"wp:featuredmedia":[{"embeddable":true,"href":"https:\/\/virunchik.com\/lt\/wp-json\/wp\/v2\/media\/8253"}],"wp:attachment":[{"href":"https:\/\/virunchik.com\/lt\/wp-json\/wp\/v2\/media?parent=8250"}],"wp:term":[{"taxonomy":"product_brand","embeddable":true,"href":"https:\/\/virunchik.com\/lt\/wp-json\/wp\/v2\/product_brand?post=8250"},{"taxonomy":"product_cat","embeddable":true,"href":"https:\/\/virunchik.com\/lt\/wp-json\/wp\/v2\/product_cat?post=8250"},{"taxonomy":"product_tag","embeddable":true,"href":"https:\/\/virunchik.com\/lt\/wp-json\/wp\/v2\/product_tag?post=8250"}],"curies":[{"name":"wp","href":"https:\/\/api.w.org\/{rel}","templated":true}]}}