{"id":9441,"date":"2024-08-02T08:09:16","date_gmt":"2024-08-02T08:09:16","guid":{"rendered":"https:\/\/virunchik.com\/?post_type=product&#038;p=9441"},"modified":"2026-01-03T08:22:27","modified_gmt":"2026-01-03T08:22:27","slug":"long-printed-chiffon-skirt","status":"publish","type":"product","link":"https:\/\/virunchik.com\/lt\/produktas\/long-printed-chiffon-skirt\/","title":{"rendered":"Ilgas Margintas \u0160ifoninis Sijonas"},"content":{"rendered":"<p>Galima skalbti ma\u0161inoje tik \u0161velniuoju re\u017eimu, esant ne auk\u0161tesnei nei 40 laipsni\u0173 temperat\u016brai.<br \/>\nGalima lyginti ir garinti \u017eema temperat\u016bra.<\/p>\n<p>&nbsp;<\/p>\n<p>Jei nerandate tinkamo dyd\u017eio, galite pateikti individual\u0173 u\u017esakym\u0105.<\/p>\n<p>&nbsp;<\/p>\n<p class=\" translation-block\">J\u016bs\u0173 patogumui mes siuvame pagal j\u016bs\u0173 individualius matmenis arba pagal standartin\u0119 dyd\u017ei\u0173 lentel\u0119. Taigi gaunate 2 viename \u2013 puikiai priglundan\u010dius drabu\u017eius ir auk\u0161\u010diausios kokyb\u0117s prek\u0119, kuri tarnaus jums daug met\u0173.<\/p>\n<p>&nbsp;<\/p>\n<p>Med\u017eiagos spalva gali skirtis priklausomai nuo skirting\u0173 monitori\u0173 ir individuali\u0173 nustatym\u0173.<br \/>\n.<\/p>\n<p>&nbsp;<\/p>","protected":false},"excerpt":{"rendered":"<p>\u0160is \u017eavingas \u0161velniai m\u0117lynas margintas sijonas pasiruo\u0161\u0119s tapti j\u016bs\u0173 \u0161oki\u0173 gyvenimo dalimi.<\/p>\n<div class=\"flex max-w-full flex-col flex-grow\">\n<div class=\"min-h-8 text-message relative flex w-full flex-col items-end gap-2 whitespace-normal break-words text-start [.text-message+&amp;]:mt-5\" dir=\"auto\" data-message-author-role=\"assistant\" data-message-id=\"7c44310a-83db-4b67-bd1d-7660502869b9\" data-message-model-slug=\"gpt-4o\">\n<div class=\"flex w-full flex-col gap-1 empty:hidden first:pt-[3px]\">\n<div class=\"markdown prose w-full break-words dark:prose-invert light\">\n<p data-start=\"0\" data-end=\"56\" data-is-last-node=\"\" data-is-only-node=\"\">Priekinis ilgis yra 37 cm, o galinis ilgis \u2013 67 cm.<\/p>\n<p data-start=\"0\" data-end=\"56\" data-is-last-node=\"\" data-is-only-node=\"\">\n<\/div>\n<\/div>\n<\/div>\n<\/div>","protected":false},"featured_media":9442,"comment_status":"closed","ping_status":"closed","template":"","meta":{"om_disable_all_campaigns":false,"_uag_custom_page_level_css":"","_monsterinsights_skip_tracking":false,"_monsterinsights_sitenote_active":false,"_monsterinsights_sitenote_note":"","_monsterinsights_sitenote_category":0,"site-sidebar-layout":"default","site-content-layout":"","ast-site-content-layout":"default","site-content-style":"default","site-sidebar-style":"default","ast-global-header-display":"","ast-banner-title-visibility":"","ast-main-header-display":"","ast-hfb-above-header-display":"","ast-hfb-below-header-display":"","ast-hfb-mobile-header-display":"","site-post-title":"","ast-breadcrumbs-content":"","ast-featured-img":"","footer-sml-layout":"","theme-transparent-header-meta":"default","adv-header-id-meta":"","stick-header-meta":"","header-above-stick-meta":"","header-main-stick-meta":"","header-below-stick-meta":"","astra-migrate-meta-layouts":"set","ast-page-background-enabled":"default","ast-page-background-meta":{"desktop":{"background-color":"var(--ast-global-color-4)","background-image":"","background-repeat":"repeat","background-position":"center center","background-size":"auto","background-attachment":"scroll","background-type":"","background-media":"","overlay-type":"","overlay-color":"","overlay-opacity":"","overlay-gradient":""},"tablet":{"background-color":"","background-image":"","background-repeat":"repeat","background-position":"center center","background-size":"auto","background-attachment":"scroll","background-type":"","background-media":"","overlay-type":"","overlay-color":"","overlay-opacity":"","overlay-gradient":""},"mobile":{"background-color":"","background-image":"","background-repeat":"repeat","background-position":"center center","background-size":"auto","background-attachment":"scroll","background-type":"","background-media":"","overlay-type":"","overlay-color":"","overlay-opacity":"","overlay-gradient":""}},"ast-content-background-meta":{"desktop":{"background-color":"var(--ast-global-color-5)","background-image":"","background-repeat":"repeat","background-position":"center center","background-size":"auto","background-attachment":"scroll","background-type":"","background-media":"","overlay-type":"","overlay-color":"","overlay-opacity":"","overlay-gradient":""},"tablet":{"background-color":"var(--ast-global-color-5)","background-image":"","background-repeat":"repeat","background-position":"center center","background-size":"auto","background-attachment":"scroll","background-type":"","background-media":"","overlay-type":"","overlay-color":"","overlay-opacity":"","overlay-gradient":""},"mobile":{"background-color":"var(--ast-global-color-5)","background-image":"","background-repeat":"repeat","background-position":"center center","background-size":"auto","background-attachment":"scroll","background-type":"","background-media":"","overlay-type":"","overlay-color":"","overlay-opacity":"","overlay-gradient":""}}},"product_brand":[],"product_cat":[195],"product_tag":[],"class_list":{"0":"post-9441","1":"product","2":"type-product","3":"status-publish","4":"has-post-thumbnail","6":"product_cat-skirts","7":"product_shipping_class-small","8":"desktop-align-center","9":"tablet-align-left","10":"mobile-align-left","12":"first","13":"instock","14":"shipping-taxable","15":"purchasable","16":"product-type-variable"},"aioseo_notices":[],"uagb_featured_image_src":{"full":["https:\/\/virunchik.com\/wp-content\/uploads\/2024\/08\/IMG_7984-2-Edit.png",2027,2534,false],"thumbnail":["https:\/\/virunchik.com\/wp-content\/uploads\/2024\/08\/IMG_7984-2-Edit-150x150.png",150,150,true],"medium":["https:\/\/virunchik.com\/wp-content\/uploads\/2024\/08\/IMG_7984-2-Edit-240x300.png",240,300,true],"medium_large":["https:\/\/virunchik.com\/wp-content\/uploads\/2024\/08\/IMG_7984-2-Edit-768x960.png",768,960,true],"large":["https:\/\/virunchik.com\/wp-content\/uploads\/2024\/08\/IMG_7984-2-Edit-819x1024.png",819,1024,true],"1536x1536":["https:\/\/virunchik.com\/wp-content\/uploads\/2024\/08\/IMG_7984-2-Edit-1229x1536.png",1229,1536,true],"2048x2048":["https:\/\/virunchik.com\/wp-content\/uploads\/2024\/08\/IMG_7984-2-Edit-1638x2048.png",1638,2048,true],"trp-custom-language-flag":["https:\/\/virunchik.com\/wp-content\/uploads\/2024\/08\/IMG_7984-2-Edit.png",10,12,false],"woocommerce_thumbnail":["https:\/\/virunchik.com\/wp-content\/uploads\/2024\/08\/IMG_7984-2-Edit-600x750.png",600,750,true],"woocommerce_single":["https:\/\/virunchik.com\/wp-content\/uploads\/2024\/08\/IMG_7984-2-Edit-600x750.png",600,750,true],"woocommerce_gallery_thumbnail":["https:\/\/virunchik.com\/wp-content\/uploads\/2024\/08\/IMG_7984-2-Edit-100x100.png",100,100,true],"variation_swatches_image_size":["https:\/\/virunchik.com\/wp-content\/uploads\/2024\/08\/IMG_7984-2-Edit-50x50.png",50,50,true],"variation_swatches_tooltip_size":["https:\/\/virunchik.com\/wp-content\/uploads\/2024\/08\/IMG_7984-2-Edit-100x100.png",100,100,true]},"uagb_author_info":{"display_name":"Vira","author_link":"https:\/\/virunchik.com\/lt\/author\/"},"uagb_comment_info":0,"uagb_excerpt":"This lovely printed skirt in soft blue is ready to be part of your dancing life. The front length is 37 cm, and the back length is 67 cm.","_links":{"self":[{"href":"https:\/\/virunchik.com\/lt\/wp-json\/wp\/v2\/product\/9441","targetHints":{"allow":["GET"]}}],"collection":[{"href":"https:\/\/virunchik.com\/lt\/wp-json\/wp\/v2\/product"}],"about":[{"href":"https:\/\/virunchik.com\/lt\/wp-json\/wp\/v2\/types\/product"}],"replies":[{"embeddable":true,"href":"https:\/\/virunchik.com\/lt\/wp-json\/wp\/v2\/comments?post=9441"}],"version-history":[{"count":3,"href":"https:\/\/virunchik.com\/lt\/wp-json\/wp\/v2\/product\/9441\/revisions"}],"predecessor-version":[{"id":13151,"href":"https:\/\/virunchik.com\/lt\/wp-json\/wp\/v2\/product\/9441\/revisions\/13151"}],"wp:featuredmedia":[{"embeddable":true,"href":"https:\/\/virunchik.com\/lt\/wp-json\/wp\/v2\/media\/9442"}],"wp:attachment":[{"href":"https:\/\/virunchik.com\/lt\/wp-json\/wp\/v2\/media?parent=9441"}],"wp:term":[{"taxonomy":"product_brand","embeddable":true,"href":"https:\/\/virunchik.com\/lt\/wp-json\/wp\/v2\/product_brand?post=9441"},{"taxonomy":"product_cat","embeddable":true,"href":"https:\/\/virunchik.com\/lt\/wp-json\/wp\/v2\/product_cat?post=9441"},{"taxonomy":"product_tag","embeddable":true,"href":"https:\/\/virunchik.com\/lt\/wp-json\/wp\/v2\/product_tag?post=9441"}],"curies":[{"name":"wp","href":"https:\/\/api.w.org\/{rel}","templated":true}]}}